{"id":792337,"date":"2026-04-21T03:00:19","date_gmt":"2026-04-21T03:00:19","guid":{"rendered":""},"modified":"2026-04-21T03:00:19","modified_gmt":"2026-04-21T03:00:19","slug":"amordioli-moodik","status":"publish","type":"product","link":"https:\/\/tparts.ee\/et\/p\/amordioli-moodik\/","title":{"rendered":"Amordi\u00f5li m\u00f5\u00f5dik"},"content":{"rendered":"<p><\/p>\n<p>Lihtne moodus t\u00e4pse \u00f5likoguse saamiseks.&nbsp;\u00d5litase 0-270mm&nbsp;<\/p>\n<p><\/p>","protected":false},"excerpt":{"rendered":"<p>S183-4946<\/p>\n","protected":false},"featured_media":792338,"template":"","meta":[],"product_cat":[56371,56899,55622],"product_tag":[],"_links":{"self":[{"href":"https:\/\/tparts.ee\/et\/wp-json\/wp\/v2\/product\/792337"}],"collection":[{"href":"https:\/\/tparts.ee\/et\/wp-json\/wp\/v2\/product"}],"about":[{"href":"https:\/\/tparts.ee\/et\/wp-json\/wp\/v2\/types\/product"}],"wp:featuredmedia":[{"embeddable":true,"href":"https:\/\/tparts.ee\/et\/wp-json\/wp\/v2\/media\/792338"}],"wp:attachment":[{"href":"https:\/\/tparts.ee\/et\/wp-json\/wp\/v2\/media?parent=792337"}],"wp:term":[{"taxonomy":"product_cat","embeddable":true,"href":"https:\/\/tparts.ee\/et\/wp-json\/wp\/v2\/product_cat?post=792337"},{"taxonomy":"product_tag","embeddable":true,"href":"https:\/\/tparts.ee\/et\/wp-json\/wp\/v2\/product_tag?post=792337"}],"curies":[{"name":"wp","href":"https:\/\/api.w.org\/{rel}","templated":true}]}}