{"id":792305,"date":"2026-04-21T03:00:19","date_gmt":"2026-04-21T03:00:19","guid":{"rendered":""},"modified":"2026-04-21T03:00:19","modified_gmt":"2026-04-21T03:00:19","slug":"kojamehevarre-tommits","status":"publish","type":"product","link":"https:\/\/tparts.ee\/et\/p\/kojamehevarre-tommits\/","title":{"rendered":"Kojamehevarre t\u00f5mmits"},"content":{"rendered":"<p><\/p>\n<p>See reguleeritav t\u00f5mmits muudab m\u00f5nikord keeruliseks ja aegan\u00f5udvaks osutunud t\u00f6\u00f6 lihtsaks ja kiireks.<\/p>\n<p>T\u00f5mmitsaga &nbsp;v\u00e4ldid ka klaasipuhastajavarre v\u00f5i esiklaasi kahjustamist.<\/p>\n<p>&nbsp;<\/p>\n<p><\/p>","protected":false},"excerpt":{"rendered":"<p>S183-4751<\/p>\n","protected":false},"featured_media":792306,"template":"","meta":[],"product_cat":[55667,56373,55622],"product_tag":[],"_links":{"self":[{"href":"https:\/\/tparts.ee\/et\/wp-json\/wp\/v2\/product\/792305"}],"collection":[{"href":"https:\/\/tparts.ee\/et\/wp-json\/wp\/v2\/product"}],"about":[{"href":"https:\/\/tparts.ee\/et\/wp-json\/wp\/v2\/types\/product"}],"wp:featuredmedia":[{"embeddable":true,"href":"https:\/\/tparts.ee\/et\/wp-json\/wp\/v2\/media\/792306"}],"wp:attachment":[{"href":"https:\/\/tparts.ee\/et\/wp-json\/wp\/v2\/media?parent=792305"}],"wp:term":[{"taxonomy":"product_cat","embeddable":true,"href":"https:\/\/tparts.ee\/et\/wp-json\/wp\/v2\/product_cat?post=792305"},{"taxonomy":"product_tag","embeddable":true,"href":"https:\/\/tparts.ee\/et\/wp-json\/wp\/v2\/product_tag?post=792305"}],"curies":[{"name":"wp","href":"https:\/\/api.w.org\/{rel}","templated":true}]}}