{"id":792015,"date":"2026-04-21T03:00:18","date_gmt":"2026-04-21T03:00:18","guid":{"rendered":""},"modified":"2026-04-21T03:00:18","modified_gmt":"2026-04-21T03:00:18","slug":"olifiltrivoti-3-kapaga-65-120mm","status":"publish","type":"product","link":"https:\/\/tparts.ee\/et\/p\/olifiltrivoti-3-kapaga-65-120mm\/","title":{"rendered":"\u00d5lifiltriv\u00f5ti 3-k\u00e4paga 65-120mm"},"content":{"rendered":"<p><\/p>\n<p>\u00dchildub 3\/8 v\u00f5i 1\/2 narrega.<\/p>\n<p>Filtritele m\u00f5\u00f5duga 65-120mm<\/p>\n<p><\/p>","protected":false},"excerpt":{"rendered":"<p>S183-2075<\/p>\n","protected":false},"featured_media":792016,"template":"","meta":[],"product_cat":[55638,55724,55622],"product_tag":[],"_links":{"self":[{"href":"https:\/\/tparts.ee\/et\/wp-json\/wp\/v2\/product\/792015"}],"collection":[{"href":"https:\/\/tparts.ee\/et\/wp-json\/wp\/v2\/product"}],"about":[{"href":"https:\/\/tparts.ee\/et\/wp-json\/wp\/v2\/types\/product"}],"wp:featuredmedia":[{"embeddable":true,"href":"https:\/\/tparts.ee\/et\/wp-json\/wp\/v2\/media\/792016"}],"wp:attachment":[{"href":"https:\/\/tparts.ee\/et\/wp-json\/wp\/v2\/media?parent=792015"}],"wp:term":[{"taxonomy":"product_cat","embeddable":true,"href":"https:\/\/tparts.ee\/et\/wp-json\/wp\/v2\/product_cat?post=792015"},{"taxonomy":"product_tag","embeddable":true,"href":"https:\/\/tparts.ee\/et\/wp-json\/wp\/v2\/product_tag?post=792015"}],"curies":[{"name":"wp","href":"https:\/\/api.w.org\/{rel}","templated":true}]}}