{"id":791947,"date":"2026-04-21T03:00:18","date_gmt":"2026-04-21T03:00:18","guid":{"rendered":""},"modified":"2026-04-21T03:00:18","modified_gmt":"2026-04-21T03:00:18","slug":"race-tech-gt1-10w60-taissunteetiline-mootorioli-liqui-moly-5l","status":"publish","type":"product","link":"https:\/\/tparts.ee\/et\/p\/race-tech-gt1-10w60-taissunteetiline-mootorioli-liqui-moly-5l\/","title":{"rendered":"RACE TECH GT1 10W60 t\u00e4iss\u00fcnteetiline mootori\u00f5li Liqui Moly 5L"},"content":{"rendered":"<p><\/p>\n<p>Motospordi jaoks v&auml;lja t&ouml;&ouml;tatud spetsiaalne mootori&otilde;li. Sobib bensiini- ja diiselmootorite aastaringseks sportlikuks kasutamiseks. Testitud katal&uuml;saatori ja turboga mootorites.&nbsp;<\/p>\n<p><\/p>\n<p>EUH210: Ohutuskaart n&otilde;udmisel k&auml;ttesaadav&nbsp;<\/p>\n<p><\/p>","protected":false},"excerpt":{"rendered":"<p>S181-LI8909<\/p>\n","protected":false},"featured_media":791948,"template":"","meta":[],"product_cat":[55632,55692,55693],"product_tag":[],"_links":{"self":[{"href":"https:\/\/tparts.ee\/et\/wp-json\/wp\/v2\/product\/791947"}],"collection":[{"href":"https:\/\/tparts.ee\/et\/wp-json\/wp\/v2\/product"}],"about":[{"href":"https:\/\/tparts.ee\/et\/wp-json\/wp\/v2\/types\/product"}],"wp:featuredmedia":[{"embeddable":true,"href":"https:\/\/tparts.ee\/et\/wp-json\/wp\/v2\/media\/791948"}],"wp:attachment":[{"href":"https:\/\/tparts.ee\/et\/wp-json\/wp\/v2\/media?parent=791947"}],"wp:term":[{"taxonomy":"product_cat","embeddable":true,"href":"https:\/\/tparts.ee\/et\/wp-json\/wp\/v2\/product_cat?post=791947"},{"taxonomy":"product_tag","embeddable":true,"href":"https:\/\/tparts.ee\/et\/wp-json\/wp\/v2\/product_tag?post=791947"}],"curies":[{"name":"wp","href":"https:\/\/api.w.org\/{rel}","templated":true}]}}