{"id":791637,"date":"2026-04-21T03:00:18","date_gmt":"2026-04-21T03:00:18","guid":{"rendered":""},"modified":"2026-04-21T03:00:18","modified_gmt":"2026-04-21T03:00:18","slug":"maxlife-1l-a3-b4-10w40","status":"publish","type":"product","link":"https:\/\/tparts.ee\/et\/p\/maxlife-1l-a3-b4-10w40\/","title":{"rendered":"Maxlife 1L A3\/B4 10W40"},"content":{"rendered":"<p><\/p>\n<p>Valvoline MaxLife mootori\u00f5lid on spetsiaalselt valmistatud v\u00e4ltimaksja ennetamaks selliseid vanemate mootorite s\u00fcmptomeid nagu \u00f5lilekked<\/p>","protected":false},"excerpt":{"rendered":"<p>S180-872295<\/p>\n","protected":false},"featured_media":791638,"template":"","meta":[],"product_cat":[55632,55692,55693],"product_tag":[],"_links":{"self":[{"href":"https:\/\/tparts.ee\/et\/wp-json\/wp\/v2\/product\/791637"}],"collection":[{"href":"https:\/\/tparts.ee\/et\/wp-json\/wp\/v2\/product"}],"about":[{"href":"https:\/\/tparts.ee\/et\/wp-json\/wp\/v2\/types\/product"}],"wp:featuredmedia":[{"embeddable":true,"href":"https:\/\/tparts.ee\/et\/wp-json\/wp\/v2\/media\/791638"}],"wp:attachment":[{"href":"https:\/\/tparts.ee\/et\/wp-json\/wp\/v2\/media?parent=791637"}],"wp:term":[{"taxonomy":"product_cat","embeddable":true,"href":"https:\/\/tparts.ee\/et\/wp-json\/wp\/v2\/product_cat?post=791637"},{"taxonomy":"product_tag","embeddable":true,"href":"https:\/\/tparts.ee\/et\/wp-json\/wp\/v2\/product_tag?post=791637"}],"curies":[{"name":"wp","href":"https:\/\/api.w.org\/{rel}","templated":true}]}}