{"id":791629,"date":"2026-04-22T03:00:37","date_gmt":"2026-04-22T03:00:37","guid":{"rendered":""},"modified":"2026-04-22T03:00:37","modified_gmt":"2026-04-22T03:00:37","slug":"durablend-1l-4t-10w40-mootorratas","status":"publish","type":"product","link":"https:\/\/tparts.ee\/et\/p\/durablend-1l-4t-10w40-mootorratas\/","title":{"rendered":"Durablend 1L 4T 10W40 mootorratas"},"content":{"rendered":"<p><\/p>\n<div>\n<p>K\u00f5rgkvaliteetne semis\u00fcntees mootorratta mootori\u00f5li.Spetsiaalne koostis tagab kaitse ka \u00e4\u00e4rmuslikes kasutustingimustes. K\u00f5rgkoormuslisandid tagavad optimaalse \u00f5li kaitsekile.Pakub v\u00e4ga head voolavusomadused ka madalatel temperatuuridel.Spetsiaalsed lisandid v\u00e4ltimaks kulumist<\/p>","protected":false},"excerpt":{"rendered":"<p>S180-862061<\/p>\n","protected":false},"featured_media":791630,"template":"","meta":[],"product_cat":[55632,55692,55693],"product_tag":[],"_links":{"self":[{"href":"https:\/\/tparts.ee\/et\/wp-json\/wp\/v2\/product\/791629"}],"collection":[{"href":"https:\/\/tparts.ee\/et\/wp-json\/wp\/v2\/product"}],"about":[{"href":"https:\/\/tparts.ee\/et\/wp-json\/wp\/v2\/types\/product"}],"wp:featuredmedia":[{"embeddable":true,"href":"https:\/\/tparts.ee\/et\/wp-json\/wp\/v2\/media\/791630"}],"wp:attachment":[{"href":"https:\/\/tparts.ee\/et\/wp-json\/wp\/v2\/media?parent=791629"}],"wp:term":[{"taxonomy":"product_cat","embeddable":true,"href":"https:\/\/tparts.ee\/et\/wp-json\/wp\/v2\/product_cat?post=791629"},{"taxonomy":"product_tag","embeddable":true,"href":"https:\/\/tparts.ee\/et\/wp-json\/wp\/v2\/product_tag?post=791629"}],"curies":[{"name":"wp","href":"https:\/\/api.w.org\/{rel}","templated":true}]}}