{"id":791621,"date":"2026-04-21T03:00:18","date_gmt":"2026-04-21T03:00:18","guid":{"rendered":""},"modified":"2026-04-21T03:00:18","modified_gmt":"2026-04-21T03:00:18","slug":"durablend-4l-4t-10w40-mootorratas","status":"publish","type":"product","link":"https:\/\/tparts.ee\/et\/p\/durablend-4l-4t-10w40-mootorratas\/","title":{"rendered":"Durablend 4L 4T 10W40 mootorratas"},"content":{"rendered":"<p><\/p>\n<p>K\u00f5rgkvaliteetne semis\u00fcntees mootorratta mootori\u00f5li.Spetsiaalne koostis tagab kaitse ka \u00e4\u00e4rmuslikes kasutustingimustes. K\u00f5rgkoormuslisandid tagavad optimaalse \u00f5li kaitsekile.Pakub v\u00e4ga head voolavusomadused ka madalatel temperatuuridel.Spetsiaalsed lisandid v\u00e4ltimaks kulumist<\/p>","protected":false},"excerpt":{"rendered":"<p>S180-14207<\/p>\n","protected":false},"featured_media":791622,"template":"","meta":[],"product_cat":[56327,55704],"product_tag":[],"_links":{"self":[{"href":"https:\/\/tparts.ee\/et\/wp-json\/wp\/v2\/product\/791621"}],"collection":[{"href":"https:\/\/tparts.ee\/et\/wp-json\/wp\/v2\/product"}],"about":[{"href":"https:\/\/tparts.ee\/et\/wp-json\/wp\/v2\/types\/product"}],"wp:featuredmedia":[{"embeddable":true,"href":"https:\/\/tparts.ee\/et\/wp-json\/wp\/v2\/media\/791622"}],"wp:attachment":[{"href":"https:\/\/tparts.ee\/et\/wp-json\/wp\/v2\/media?parent=791621"}],"wp:term":[{"taxonomy":"product_cat","embeddable":true,"href":"https:\/\/tparts.ee\/et\/wp-json\/wp\/v2\/product_cat?post=791621"},{"taxonomy":"product_tag","embeddable":true,"href":"https:\/\/tparts.ee\/et\/wp-json\/wp\/v2\/product_tag?post=791621"}],"curies":[{"name":"wp","href":"https:\/\/api.w.org\/{rel}","templated":true}]}}