{"id":791407,"date":"2026-04-21T03:00:18","date_gmt":"2026-04-21T03:00:18","guid":{"rendered":""},"modified":"2026-04-21T03:00:18","modified_gmt":"2026-04-21T03:00:18","slug":"7-napitstangid","status":"publish","type":"product","link":"https:\/\/tparts.ee\/et\/p\/7-napitstangid\/","title":{"rendered":"7 n\u00e4pitstangid"},"content":{"rendered":"<p>Spetsiaalselt t\u00f6\u00f6deldud l\u00f5iketera pikendatud eluea tagamiseks<\/p>\n<p>       &#8211; Vastupidav kroomnikkelterasest konstruktsioon tagab kestva       kasutamise<br \/>       &#8211; Must viimistlus enne poleerimist<\/p>","protected":false},"excerpt":{"rendered":"<p>S171-70302<\/p>\n","protected":false},"featured_media":791408,"template":"","meta":[],"product_cat":[55667,56575,55622],"product_tag":[],"_links":{"self":[{"href":"https:\/\/tparts.ee\/et\/wp-json\/wp\/v2\/product\/791407"}],"collection":[{"href":"https:\/\/tparts.ee\/et\/wp-json\/wp\/v2\/product"}],"about":[{"href":"https:\/\/tparts.ee\/et\/wp-json\/wp\/v2\/types\/product"}],"wp:featuredmedia":[{"embeddable":true,"href":"https:\/\/tparts.ee\/et\/wp-json\/wp\/v2\/media\/791408"}],"wp:attachment":[{"href":"https:\/\/tparts.ee\/et\/wp-json\/wp\/v2\/media?parent=791407"}],"wp:term":[{"taxonomy":"product_cat","embeddable":true,"href":"https:\/\/tparts.ee\/et\/wp-json\/wp\/v2\/product_cat?post=791407"},{"taxonomy":"product_tag","embeddable":true,"href":"https:\/\/tparts.ee\/et\/wp-json\/wp\/v2\/product_tag?post=791407"}],"curies":[{"name":"wp","href":"https:\/\/api.w.org\/{rel}","templated":true}]}}