{"id":790419,"date":"2026-04-21T03:00:16","date_gmt":"2026-04-21T03:00:16","guid":{"rendered":""},"modified":"2026-04-21T03:00:16","modified_gmt":"2026-04-21T03:00:16","slug":"d3s-xenarc-35w-pk32d-5-1tk","status":"publish","type":"product","link":"https:\/\/tparts.ee\/et\/p\/d3s-xenarc-35w-pk32d-5-1tk\/","title":{"rendered":"D3S Xenarc 35W PK32d-5 1tk"},"content":{"rendered":"<p><\/p>\n<p style=margin-top: 15px; margin-right: 0px; margin-bottom: 15px; margin-left: 0px; padding-top: 0px; padding-right: 0px; padding-bottom: 0px; padding-left: 0px; >Ksenoonpirni eelised:<\/p>\n<ul><\/p>\n<li>Pikk kasutusiga \u2013 suur t\u00f6\u00f6kindlus.<\/li>\n<p><\/p>\n<li>K\u00f5rge valguse temperatuur (annab sinaka valguse) \u2013 v\u00e4hem v\u00e4sitav juhile pikkadel \u00f6istel s\u00f5itudel ja parem kontrastsus.<\/li>\n<p><\/p>\n<li>K\u00f5rge efektiivsus \u2013 3 korda efektiivsemad kui halogeen-valgusallikad.<\/li>\n<p><\/p>\n<li>Suur valgusviljakus \u2013 2 kuni 3 korda enam kui halogeen-valgusallikatel.<\/li>\n<\/ul>\n<p><br \/>","protected":false},"excerpt":{"rendered":"<p>S152-66340<\/p>\n","protected":false},"featured_media":790420,"template":"","meta":[],"product_cat":[55632,55666],"product_tag":[],"_links":{"self":[{"href":"https:\/\/tparts.ee\/et\/wp-json\/wp\/v2\/product\/790419"}],"collection":[{"href":"https:\/\/tparts.ee\/et\/wp-json\/wp\/v2\/product"}],"about":[{"href":"https:\/\/tparts.ee\/et\/wp-json\/wp\/v2\/types\/product"}],"wp:featuredmedia":[{"embeddable":true,"href":"https:\/\/tparts.ee\/et\/wp-json\/wp\/v2\/media\/790420"}],"wp:attachment":[{"href":"https:\/\/tparts.ee\/et\/wp-json\/wp\/v2\/media?parent=790419"}],"wp:term":[{"taxonomy":"product_cat","embeddable":true,"href":"https:\/\/tparts.ee\/et\/wp-json\/wp\/v2\/product_cat?post=790419"},{"taxonomy":"product_tag","embeddable":true,"href":"https:\/\/tparts.ee\/et\/wp-json\/wp\/v2\/product_tag?post=790419"}],"curies":[{"name":"wp","href":"https:\/\/api.w.org\/{rel}","templated":true}]}}