{"id":789849,"date":"2026-04-21T03:00:15","date_gmt":"2026-04-21T03:00:15","guid":{"rendered":""},"modified":"2026-04-21T03:00:15","modified_gmt":"2026-04-21T03:00:15","slug":"crafts-fl-roosa-400ml","status":"publish","type":"product","link":"https:\/\/tparts.ee\/et\/p\/crafts-fl-roosa-400ml\/","title":{"rendered":"CRAFTS FL roosa 400ml"},"content":{"rendered":"<p><\/p>\n<p>Kiiresti kuivav nitrotselluloosv\u00e4rv keraamiliste- ja emailpindadel v\u00e4rviparandusteks ja v\u00e4rvimiseks. Vastupidav puhastusvahenditele.<\/p>\n<p><\/p>","protected":false},"excerpt":{"rendered":"<p>S151-696459<\/p>\n","protected":false},"featured_media":789850,"template":"","meta":[],"product_cat":[55833,56452,55622],"product_tag":[],"_links":{"self":[{"href":"https:\/\/tparts.ee\/et\/wp-json\/wp\/v2\/product\/789849"}],"collection":[{"href":"https:\/\/tparts.ee\/et\/wp-json\/wp\/v2\/product"}],"about":[{"href":"https:\/\/tparts.ee\/et\/wp-json\/wp\/v2\/types\/product"}],"wp:featuredmedia":[{"embeddable":true,"href":"https:\/\/tparts.ee\/et\/wp-json\/wp\/v2\/media\/789850"}],"wp:attachment":[{"href":"https:\/\/tparts.ee\/et\/wp-json\/wp\/v2\/media?parent=789849"}],"wp:term":[{"taxonomy":"product_cat","embeddable":true,"href":"https:\/\/tparts.ee\/et\/wp-json\/wp\/v2\/product_cat?post=789849"},{"taxonomy":"product_tag","embeddable":true,"href":"https:\/\/tparts.ee\/et\/wp-json\/wp\/v2\/product_tag?post=789849"}],"curies":[{"name":"wp","href":"https:\/\/api.w.org\/{rel}","templated":true}]}}