{"id":789281,"date":"2026-04-21T03:00:14","date_gmt":"2026-04-21T03:00:14","guid":{"rendered":""},"modified":"2026-04-21T03:00:14","modified_gmt":"2026-04-21T03:00:14","slug":"225-55r16-nankang-sv-1-lamellrehv-d-d-b-99h-xl","status":"publish","type":"product","link":"https:\/\/tparts.ee\/et\/p\/225-55r16-nankang-sv-1-lamellrehv-d-d-b-99h-xl\/","title":{"rendered":"225\/55R16 Nankang SV-1 lamellrehv D\/D\/B 99H XL"},"content":{"rendered":"<p><\/p>\n<p>V-kujuline rehvimuster ja lamellid tagavad hea sooritusv\u00f5ime ja stabiilse s\u00f5idu talvistes tingimustes. Tihedad ebaregulaarsed lamellid aitavad paremini pidurdada ning kiirendada lumisel ja j\u00e4isel teel. Spetsiaalne silica rehvisegu tagab rehvi elastsuse madalatel temperatuuridel.<\/p>\n<p><\/p>","protected":false},"excerpt":{"rendered":"<p>S143-2255516L<\/p>\n","protected":false},"featured_media":789282,"template":"","meta":[],"product_cat":[55632,55707],"product_tag":[],"_links":{"self":[{"href":"https:\/\/tparts.ee\/et\/wp-json\/wp\/v2\/product\/789281"}],"collection":[{"href":"https:\/\/tparts.ee\/et\/wp-json\/wp\/v2\/product"}],"about":[{"href":"https:\/\/tparts.ee\/et\/wp-json\/wp\/v2\/types\/product"}],"wp:featuredmedia":[{"embeddable":true,"href":"https:\/\/tparts.ee\/et\/wp-json\/wp\/v2\/media\/789282"}],"wp:attachment":[{"href":"https:\/\/tparts.ee\/et\/wp-json\/wp\/v2\/media?parent=789281"}],"wp:term":[{"taxonomy":"product_cat","embeddable":true,"href":"https:\/\/tparts.ee\/et\/wp-json\/wp\/v2\/product_cat?post=789281"},{"taxonomy":"product_tag","embeddable":true,"href":"https:\/\/tparts.ee\/et\/wp-json\/wp\/v2\/product_tag?post=789281"}],"curies":[{"name":"wp","href":"https:\/\/api.w.org\/{rel}","templated":true}]}}