{"id":789225,"date":"2026-04-21T03:00:14","date_gmt":"2026-04-21T03:00:14","guid":{"rendered":""},"modified":"2026-04-21T03:00:14","modified_gmt":"2026-04-21T03:00:14","slug":"195-55r16-sw-7-naelutatud-91t-xl","status":"publish","type":"product","link":"https:\/\/tparts.ee\/et\/p\/195-55r16-sw-7-naelutatud-91t-xl\/","title":{"rendered":"195\/55R16 SW-7 naelutatud 91T XL"},"content":{"rendered":"<p>SW-7 hea juhitavusega ja sooritusv\u00f5imega naastrehv \u00e4\u00e4rmuslikes talvistes oludes<br \/>","protected":false},"excerpt":{"rendered":"<p>S143-1955516SW7N<\/p>\n","protected":false},"featured_media":789226,"template":"","meta":[],"product_cat":[55632,55707],"product_tag":[],"_links":{"self":[{"href":"https:\/\/tparts.ee\/et\/wp-json\/wp\/v2\/product\/789225"}],"collection":[{"href":"https:\/\/tparts.ee\/et\/wp-json\/wp\/v2\/product"}],"about":[{"href":"https:\/\/tparts.ee\/et\/wp-json\/wp\/v2\/types\/product"}],"wp:featuredmedia":[{"embeddable":true,"href":"https:\/\/tparts.ee\/et\/wp-json\/wp\/v2\/media\/789226"}],"wp:attachment":[{"href":"https:\/\/tparts.ee\/et\/wp-json\/wp\/v2\/media?parent=789225"}],"wp:term":[{"taxonomy":"product_cat","embeddable":true,"href":"https:\/\/tparts.ee\/et\/wp-json\/wp\/v2\/product_cat?post=789225"},{"taxonomy":"product_tag","embeddable":true,"href":"https:\/\/tparts.ee\/et\/wp-json\/wp\/v2\/product_tag?post=789225"}],"curies":[{"name":"wp","href":"https:\/\/api.w.org\/{rel}","templated":true}]}}