{"id":788785,"date":"2026-04-22T03:00:34","date_gmt":"2026-04-22T03:00:34","guid":{"rendered":""},"modified":"2026-04-22T03:00:34","modified_gmt":"2026-04-22T03:00:34","slug":"am-silikoonoli-50ml","status":"publish","type":"product","link":"https:\/\/tparts.ee\/et\/p\/am-silikoonoli-50ml\/","title":{"rendered":"AM silikoon\u00f5li 50ml"},"content":{"rendered":"<p><\/p>\n<p>Suure temperatuuritaluvusega silikoon\u00f5li. V\u00e4ldib ja ennetab uksetihendite j\u00e4\u00e4tumist talvel ja pragunemist suvel. Kasutatav ka universaalm\u00e4\u00e4rdena.<\/p>\n<p><\/p>","protected":false},"excerpt":{"rendered":"<p>S125-AM023885<\/p>\n","protected":false},"featured_media":788786,"template":"","meta":[],"product_cat":[55632,55686,55687,56002],"product_tag":[],"_links":{"self":[{"href":"https:\/\/tparts.ee\/et\/wp-json\/wp\/v2\/product\/788785"}],"collection":[{"href":"https:\/\/tparts.ee\/et\/wp-json\/wp\/v2\/product"}],"about":[{"href":"https:\/\/tparts.ee\/et\/wp-json\/wp\/v2\/types\/product"}],"wp:featuredmedia":[{"embeddable":true,"href":"https:\/\/tparts.ee\/et\/wp-json\/wp\/v2\/media\/788786"}],"wp:attachment":[{"href":"https:\/\/tparts.ee\/et\/wp-json\/wp\/v2\/media?parent=788785"}],"wp:term":[{"taxonomy":"product_cat","embeddable":true,"href":"https:\/\/tparts.ee\/et\/wp-json\/wp\/v2\/product_cat?post=788785"},{"taxonomy":"product_tag","embeddable":true,"href":"https:\/\/tparts.ee\/et\/wp-json\/wp\/v2\/product_tag?post=788785"}],"curies":[{"name":"wp","href":"https:\/\/api.w.org\/{rel}","templated":true}]}}