{"id":788223,"date":"2026-04-21T03:00:12","date_gmt":"2026-04-21T03:00:12","guid":{"rendered":""},"modified":"2026-04-21T03:00:12","modified_gmt":"2026-04-21T03:00:12","slug":"suruohutooriistade-3-osaline-komplekt","status":"publish","type":"product","link":"https:\/\/tparts.ee\/et\/p\/suruohutooriistade-3-osaline-komplekt\/","title":{"rendered":"Suru\u00f5hut\u00f6\u00f6riistade 3-osaline komplekt"},"content":{"rendered":"<p><\/p>\n<p>Suru&otilde;hukomplekt sisaldab k&otilde;ige sagedamini kasutatavaid suru&otilde;huseadmeid: manomeetriga rehvit&auml;iteseade 0-8 bar<\/p>","protected":false},"excerpt":{"rendered":"<p>S117-4132741<\/p>\n","protected":false},"featured_media":788224,"template":"","meta":[],"product_cat":[55667,55975,55622],"product_tag":[],"_links":{"self":[{"href":"https:\/\/tparts.ee\/et\/wp-json\/wp\/v2\/product\/788223"}],"collection":[{"href":"https:\/\/tparts.ee\/et\/wp-json\/wp\/v2\/product"}],"about":[{"href":"https:\/\/tparts.ee\/et\/wp-json\/wp\/v2\/types\/product"}],"wp:featuredmedia":[{"embeddable":true,"href":"https:\/\/tparts.ee\/et\/wp-json\/wp\/v2\/media\/788224"}],"wp:attachment":[{"href":"https:\/\/tparts.ee\/et\/wp-json\/wp\/v2\/media?parent=788223"}],"wp:term":[{"taxonomy":"product_cat","embeddable":true,"href":"https:\/\/tparts.ee\/et\/wp-json\/wp\/v2\/product_cat?post=788223"},{"taxonomy":"product_tag","embeddable":true,"href":"https:\/\/tparts.ee\/et\/wp-json\/wp\/v2\/product_tag?post=788223"}],"curies":[{"name":"wp","href":"https:\/\/api.w.org\/{rel}","templated":true}]}}