{"id":787921,"date":"2026-04-21T03:00:12","date_gmt":"2026-04-21T03:00:12","guid":{"rendered":""},"modified":"2026-04-21T03:00:12","modified_gmt":"2026-04-21T03:00:12","slug":"motip-loikamise-ja-puurimise-maare-500ml","status":"publish","type":"product","link":"https:\/\/tparts.ee\/et\/p\/motip-loikamise-ja-puurimise-maare-500ml\/","title":{"rendered":"Motip l\u00f5ikamise ja puurimise m\u00e4\u00e4re 500ml"},"content":{"rendered":"<p><\/p>\n<p>L&otilde;ikamise ja puurimise ajal metallide &uuml;lekuumenemist takistav &otilde;li. Kaitseb ja m&auml;&auml;rib t&ouml;&ouml;riista. V&auml;hendab t&ouml;&ouml;riista kulumist. Ei s&ouml;&ouml;vita. Silikoonivaba.<\/p>\n<p><\/p>\n<p><img src=data:image\/png;base64<\/p>","protected":false},"excerpt":{"rendered":"<p>S113-090407<\/p>\n","protected":false},"featured_media":787922,"template":"","meta":[],"product_cat":[55632,55686,55687,55877],"product_tag":[],"_links":{"self":[{"href":"https:\/\/tparts.ee\/et\/wp-json\/wp\/v2\/product\/787921"}],"collection":[{"href":"https:\/\/tparts.ee\/et\/wp-json\/wp\/v2\/product"}],"about":[{"href":"https:\/\/tparts.ee\/et\/wp-json\/wp\/v2\/types\/product"}],"wp:featuredmedia":[{"embeddable":true,"href":"https:\/\/tparts.ee\/et\/wp-json\/wp\/v2\/media\/787922"}],"wp:attachment":[{"href":"https:\/\/tparts.ee\/et\/wp-json\/wp\/v2\/media?parent=787921"}],"wp:term":[{"taxonomy":"product_cat","embeddable":true,"href":"https:\/\/tparts.ee\/et\/wp-json\/wp\/v2\/product_cat?post=787921"},{"taxonomy":"product_tag","embeddable":true,"href":"https:\/\/tparts.ee\/et\/wp-json\/wp\/v2\/product_tag?post=787921"}],"curies":[{"name":"wp","href":"https:\/\/api.w.org\/{rel}","templated":true}]}}