{"id":787869,"date":"2026-04-21T03:00:12","date_gmt":"2026-04-21T03:00:12","guid":{"rendered":""},"modified":"2026-04-21T03:00:12","modified_gmt":"2026-04-21T03:00:12","slug":"motip-eemaldatav-varv-must-laikiv-500ml","status":"publish","type":"product","link":"https:\/\/tparts.ee\/et\/p\/motip-eemaldatav-varv-must-laikiv-500ml\/","title":{"rendered":"Motip eemaldatav v\u00e4rv must l\u00e4ikiv 500ml"},"content":{"rendered":"<p><\/p>\n<p>Eemaldatav v\u00e4rvikile v\u00f5imaldab kiiresti muuta s\u00f5iduki             disaini\/v\u00e4rvi.<br \/>             Motipi eemaldatav v\u00e4rvikile sobib s\u00f5idukite velgede ja             keredetailide ajutiseks v\u00f5i p\u00fcsivaks katmiseks.<br \/>             Sobib kasutada ka kaitsekilena ustel v\u00f5i               pagasiruumi laegastel<\/p>","protected":false},"excerpt":{"rendered":"<p>S113-04302<\/p>\n","protected":false},"featured_media":787870,"template":"","meta":[],"product_cat":[55833,55983,55622],"product_tag":[],"_links":{"self":[{"href":"https:\/\/tparts.ee\/et\/wp-json\/wp\/v2\/product\/787869"}],"collection":[{"href":"https:\/\/tparts.ee\/et\/wp-json\/wp\/v2\/product"}],"about":[{"href":"https:\/\/tparts.ee\/et\/wp-json\/wp\/v2\/types\/product"}],"wp:featuredmedia":[{"embeddable":true,"href":"https:\/\/tparts.ee\/et\/wp-json\/wp\/v2\/media\/787870"}],"wp:attachment":[{"href":"https:\/\/tparts.ee\/et\/wp-json\/wp\/v2\/media?parent=787869"}],"wp:term":[{"taxonomy":"product_cat","embeddable":true,"href":"https:\/\/tparts.ee\/et\/wp-json\/wp\/v2\/product_cat?post=787869"},{"taxonomy":"product_tag","embeddable":true,"href":"https:\/\/tparts.ee\/et\/wp-json\/wp\/v2\/product_tag?post=787869"}],"curies":[{"name":"wp","href":"https:\/\/api.w.org\/{rel}","templated":true}]}}