{"id":787829,"date":"2026-04-21T03:00:12","date_gmt":"2026-04-21T03:00:12","guid":{"rendered":""},"modified":"2026-04-21T03:00:12","modified_gmt":"2026-04-21T03:00:12","slug":"motip-ral3000-punane-akruulvarv-500ml","status":"publish","type":"product","link":"https:\/\/tparts.ee\/et\/p\/motip-ral3000-punane-akruulvarv-500ml\/","title":{"rendered":"Motip RAL3000 punane akr\u00fc\u00fclv\u00e4rv 500ml"},"content":{"rendered":"<p><\/p>\n<p>Kiiresti kuivav kvaliteetne akr&uuml;&uuml;lv&auml;rv<\/p>","protected":false},"excerpt":{"rendered":"<p>S113-04105<\/p>\n","protected":false},"featured_media":787830,"template":"","meta":[],"product_cat":[55833,56366,55622],"product_tag":[],"_links":{"self":[{"href":"https:\/\/tparts.ee\/et\/wp-json\/wp\/v2\/product\/787829"}],"collection":[{"href":"https:\/\/tparts.ee\/et\/wp-json\/wp\/v2\/product"}],"about":[{"href":"https:\/\/tparts.ee\/et\/wp-json\/wp\/v2\/types\/product"}],"wp:featuredmedia":[{"embeddable":true,"href":"https:\/\/tparts.ee\/et\/wp-json\/wp\/v2\/media\/787830"}],"wp:attachment":[{"href":"https:\/\/tparts.ee\/et\/wp-json\/wp\/v2\/media?parent=787829"}],"wp:term":[{"taxonomy":"product_cat","embeddable":true,"href":"https:\/\/tparts.ee\/et\/wp-json\/wp\/v2\/product_cat?post=787829"},{"taxonomy":"product_tag","embeddable":true,"href":"https:\/\/tparts.ee\/et\/wp-json\/wp\/v2\/product_tag?post=787829"}],"curies":[{"name":"wp","href":"https:\/\/api.w.org\/{rel}","templated":true}]}}