{"id":787545,"date":"2026-04-21T03:00:11","date_gmt":"2026-04-21T03:00:11","guid":{"rendered":""},"modified":"2026-04-21T03:00:11","modified_gmt":"2026-04-21T03:00:11","slug":"hermeetik-sinine-42g","status":"publish","type":"product","link":"https:\/\/tparts.ee\/et\/p\/hermeetik-sinine-42g\/","title":{"rendered":"Hermeetik sinine 42g"},"content":{"rendered":"<p><\/p>\n<p>Gastite Blue on mittek\u00f5venev hermeetik ja \u00fchendussegu. Sobib tihendiga  v\u00f5i metall\u00fchenduste h\u00f5lpsaks tihendamiseks. <br \/>\u2022 Vastupidav bensiinile<\/p>","protected":false},"excerpt":{"rendered":"<p>S112-GBG050<\/p>\n","protected":false},"featured_media":787546,"template":"","meta":[],"product_cat":[55632,55686,56328,55687],"product_tag":[],"_links":{"self":[{"href":"https:\/\/tparts.ee\/et\/wp-json\/wp\/v2\/product\/787545"}],"collection":[{"href":"https:\/\/tparts.ee\/et\/wp-json\/wp\/v2\/product"}],"about":[{"href":"https:\/\/tparts.ee\/et\/wp-json\/wp\/v2\/types\/product"}],"wp:featuredmedia":[{"embeddable":true,"href":"https:\/\/tparts.ee\/et\/wp-json\/wp\/v2\/media\/787546"}],"wp:attachment":[{"href":"https:\/\/tparts.ee\/et\/wp-json\/wp\/v2\/media?parent=787545"}],"wp:term":[{"taxonomy":"product_cat","embeddable":true,"href":"https:\/\/tparts.ee\/et\/wp-json\/wp\/v2\/product_cat?post=787545"},{"taxonomy":"product_tag","embeddable":true,"href":"https:\/\/tparts.ee\/et\/wp-json\/wp\/v2\/product_tag?post=787545"}],"curies":[{"name":"wp","href":"https:\/\/api.w.org\/{rel}","templated":true}]}}