{"id":787521,"date":"2026-04-22T03:00:25","date_gmt":"2026-04-22T03:00:25","guid":{"rendered":""},"modified":"2026-04-22T03:00:25","modified_gmt":"2026-04-22T03:00:25","slug":"pesusvamm-vaike-triplewax","status":"publish","type":"product","link":"https:\/\/tparts.ee\/et\/p\/pesusvamm-vaike-triplewax\/","title":{"rendered":"Pesusvamm v\u00e4ike Triplewax"},"content":{"rendered":"<p><\/p>\n<p>Triplewax suure imamisv\u00f5imega pehme pesuk\u00e4sn. V\u00f5imaldab t\u00f5husat     pesu<\/p>","protected":false},"excerpt":{"rendered":"<p>S112-CTA004<\/p>\n","protected":false},"featured_media":787522,"template":"","meta":[],"product_cat":[55701,55632,55786],"product_tag":[],"_links":{"self":[{"href":"https:\/\/tparts.ee\/et\/wp-json\/wp\/v2\/product\/787521"}],"collection":[{"href":"https:\/\/tparts.ee\/et\/wp-json\/wp\/v2\/product"}],"about":[{"href":"https:\/\/tparts.ee\/et\/wp-json\/wp\/v2\/types\/product"}],"wp:featuredmedia":[{"embeddable":true,"href":"https:\/\/tparts.ee\/et\/wp-json\/wp\/v2\/media\/787522"}],"wp:attachment":[{"href":"https:\/\/tparts.ee\/et\/wp-json\/wp\/v2\/media?parent=787521"}],"wp:term":[{"taxonomy":"product_cat","embeddable":true,"href":"https:\/\/tparts.ee\/et\/wp-json\/wp\/v2\/product_cat?post=787521"},{"taxonomy":"product_tag","embeddable":true,"href":"https:\/\/tparts.ee\/et\/wp-json\/wp\/v2\/product_tag?post=787521"}],"curies":[{"name":"wp","href":"https:\/\/api.w.org\/{rel}","templated":true}]}}