{"id":786797,"date":"2026-04-23T02:42:55","date_gmt":"2026-04-23T02:42:55","guid":{"rendered":""},"modified":"2026-04-23T02:42:55","modified_gmt":"2026-04-23T02:42:55","slug":"valeo-first-hybrid-kojamees-400x1-575826","status":"publish","type":"product","link":"https:\/\/tparts.ee\/et\/p\/valeo-first-hybrid-kojamees-400x1-575826\/","title":{"rendered":"Valeo First Hybrid kojamees 400&#215;1 575826"},"content":{"rendered":"<p><\/p>\n<p>Valeo h\u00fcbriid klaasipuhasti hari &#8211; ideaalne valik talvel. \u00dchendab raamiga ja raamita harja parimad omadused: raamiga harja \u00fchtlane surve klaasile kogu harja pikkuse ulatuses ja raamita harja head aerod\u00fcnaamilised omadused<\/p>\n<ul>\n<li>Universaalne U-adaptor: sobib enamikule autodele<\/li>\n<li>Valeo s\u00fcnteetiline kumm tagab v\u00e4ga hea p\u00fchkimistulemuse ja kulumiskindluse<\/li>\n<li>Plastikust kate-spoiler aitab harja vastu klaasi suruda<\/li>\n<li>Metallist liistud hea p\u00fchkimistulemuse saavutamiseks&nbsp;<\/li>\n<\/ul>\n<p><\/p>","protected":false},"excerpt":{"rendered":"<p>S108-VFH40<\/p>\n","protected":false},"featured_media":786798,"template":"","meta":[],"product_cat":[55632,55690],"product_tag":[],"_links":{"self":[{"href":"https:\/\/tparts.ee\/et\/wp-json\/wp\/v2\/product\/786797"}],"collection":[{"href":"https:\/\/tparts.ee\/et\/wp-json\/wp\/v2\/product"}],"about":[{"href":"https:\/\/tparts.ee\/et\/wp-json\/wp\/v2\/types\/product"}],"wp:featuredmedia":[{"embeddable":true,"href":"https:\/\/tparts.ee\/et\/wp-json\/wp\/v2\/media\/786798"}],"wp:attachment":[{"href":"https:\/\/tparts.ee\/et\/wp-json\/wp\/v2\/media?parent=786797"}],"wp:term":[{"taxonomy":"product_cat","embeddable":true,"href":"https:\/\/tparts.ee\/et\/wp-json\/wp\/v2\/product_cat?post=786797"},{"taxonomy":"product_tag","embeddable":true,"href":"https:\/\/tparts.ee\/et\/wp-json\/wp\/v2\/product_tag?post=786797"}],"curies":[{"name":"wp","href":"https:\/\/api.w.org\/{rel}","templated":true}]}}