{"id":786653,"date":"2026-04-21T03:00:10","date_gmt":"2026-04-21T03:00:10","guid":{"rendered":""},"modified":"2026-04-21T03:00:10","modified_gmt":"2026-04-21T03:00:10","slug":"roostevaba-poleerpasta-75ml","status":"publish","type":"product","link":"https:\/\/tparts.ee\/et\/p\/roostevaba-poleerpasta-75ml\/","title":{"rendered":"Roostevaba poleerpasta 75ml"},"content":{"rendered":"<p><\/p>\n<p>Ideaalne vahend roostevabapindade puhastamiseks ja poleerimiseks.&nbsp;K\u00f5rgl\u00e4ige ilma pinda kriimustamata.&nbsp;Kasutamine: Kata t\u00f6\u00f6deldav pind pastaga kanga abil. Poleeri ringikujulisi liigutusi tehes kuni eemalduvad mustuse j\u00e4\u00e4gid pinnalt.&nbsp;Seej\u00e4rel poleeri puhta pehme kangaga ringikujulisi liigutusi tehes<\/p>","protected":false},"excerpt":{"rendered":"<p>S107-001734<\/p>\n","protected":false},"featured_media":786654,"template":"","meta":[],"product_cat":[55632,55686,55779,55780],"product_tag":[],"_links":{"self":[{"href":"https:\/\/tparts.ee\/et\/wp-json\/wp\/v2\/product\/786653"}],"collection":[{"href":"https:\/\/tparts.ee\/et\/wp-json\/wp\/v2\/product"}],"about":[{"href":"https:\/\/tparts.ee\/et\/wp-json\/wp\/v2\/types\/product"}],"wp:featuredmedia":[{"embeddable":true,"href":"https:\/\/tparts.ee\/et\/wp-json\/wp\/v2\/media\/786654"}],"wp:attachment":[{"href":"https:\/\/tparts.ee\/et\/wp-json\/wp\/v2\/media?parent=786653"}],"wp:term":[{"taxonomy":"product_cat","embeddable":true,"href":"https:\/\/tparts.ee\/et\/wp-json\/wp\/v2\/product_cat?post=786653"},{"taxonomy":"product_tag","embeddable":true,"href":"https:\/\/tparts.ee\/et\/wp-json\/wp\/v2\/product_tag?post=786653"}],"curies":[{"name":"wp","href":"https:\/\/api.w.org\/{rel}","templated":true}]}}