{"id":786613,"date":"2026-04-21T03:00:10","date_gmt":"2026-04-21T03:00:10","guid":{"rendered":""},"modified":"2026-04-21T03:00:10","modified_gmt":"2026-04-21T03:00:10","slug":"exide-dualagm-180ah-900cca-515x225x225","status":"publish","type":"product","link":"https:\/\/tparts.ee\/et\/p\/exide-dualagm-180ah-900cca-515x225x225\/","title":{"rendered":"Exide DualAGM 180Ah 900CCA 515x225x225+-"},"content":{"rendered":"<p><\/p>\n<p>&nbsp;<\/p>\n<p><p>Sisep\u00f5lemismootori k\u00e4ivitamine ja mitmete elektriseadmete t\u00f6\u00f6 n\u00f5uab suurt k\u00e4ivitusvoolu<\/p>","protected":false},"excerpt":{"rendered":"<p>S106-EP1500<\/p>\n","protected":false},"featured_media":786614,"template":"","meta":[],"product_cat":[55649,55632,56311],"product_tag":[],"_links":{"self":[{"href":"https:\/\/tparts.ee\/et\/wp-json\/wp\/v2\/product\/786613"}],"collection":[{"href":"https:\/\/tparts.ee\/et\/wp-json\/wp\/v2\/product"}],"about":[{"href":"https:\/\/tparts.ee\/et\/wp-json\/wp\/v2\/types\/product"}],"wp:featuredmedia":[{"embeddable":true,"href":"https:\/\/tparts.ee\/et\/wp-json\/wp\/v2\/media\/786614"}],"wp:attachment":[{"href":"https:\/\/tparts.ee\/et\/wp-json\/wp\/v2\/media?parent=786613"}],"wp:term":[{"taxonomy":"product_cat","embeddable":true,"href":"https:\/\/tparts.ee\/et\/wp-json\/wp\/v2\/product_cat?post=786613"},{"taxonomy":"product_tag","embeddable":true,"href":"https:\/\/tparts.ee\/et\/wp-json\/wp\/v2\/product_tag?post=786613"}],"curies":[{"name":"wp","href":"https:\/\/api.w.org\/{rel}","templated":true}]}}