{"id":786595,"date":"2026-04-22T03:00:23","date_gmt":"2026-04-22T03:00:23","guid":{"rendered":""},"modified":"2026-04-22T03:00:23","modified_gmt":"2026-04-22T03:00:23","slug":"exide-efb-65ah-650a-278x175x175","status":"publish","type":"product","link":"https:\/\/tparts.ee\/et\/p\/exide-efb-65ah-650a-278x175x175\/","title":{"rendered":"Exide EFB 65Ah 650A 278x175x175-+"},"content":{"rendered":"<p><\/p>\n<p><strong>Mahutavus:   <\/strong>65Ah <\/p>\n<p><strong>K\u00e4ivitusvool:   <\/strong>650A<\/p>\n<p><strong>Pikkus:   <\/strong>278mm <\/p>\n<p><strong>Laius:     <\/strong>175mm <\/p>\n<p><strong>K\u00f5rgus:<\/strong>   175mm&nbsp;<\/p>\n<p><strong>Eelised:<\/strong><\/p>\n<ul><\/p>\n<li>Hea vastuv\u00f5tlikus laadimisele terve kasutusea v\u00e4ltel<\/li>\n<p><\/p>\n<li>N\u00fc\u00fcd 3 korda k\u00f5rgem ts\u00fckli taluvus<\/li>\n<p><\/p>\n<li>Hea taluvus osalisele laetud olekus kasutamisele<\/li>\n<p><\/p>\n<li>Ideaalne v\u00e4ikese ja keskmise mootorimahuga autodele<br \/>","protected":false},"excerpt":{"rendered":"<p>S106-EL652<\/p>\n","protected":false},"featured_media":786596,"template":"","meta":[],"product_cat":[56007,55649,55632],"product_tag":[],"_links":{"self":[{"href":"https:\/\/tparts.ee\/et\/wp-json\/wp\/v2\/product\/786595"}],"collection":[{"href":"https:\/\/tparts.ee\/et\/wp-json\/wp\/v2\/product"}],"about":[{"href":"https:\/\/tparts.ee\/et\/wp-json\/wp\/v2\/types\/product"}],"wp:featuredmedia":[{"embeddable":true,"href":"https:\/\/tparts.ee\/et\/wp-json\/wp\/v2\/media\/786596"}],"wp:attachment":[{"href":"https:\/\/tparts.ee\/et\/wp-json\/wp\/v2\/media?parent=786595"}],"wp:term":[{"taxonomy":"product_cat","embeddable":true,"href":"https:\/\/tparts.ee\/et\/wp-json\/wp\/v2\/product_cat?post=786595"},{"taxonomy":"product_tag","embeddable":true,"href":"https:\/\/tparts.ee\/et\/wp-json\/wp\/v2\/product_tag?post=786595"}],"curies":[{"name":"wp","href":"https:\/\/api.w.org\/{rel}","templated":true}]}}