{"id":786465,"date":"2026-04-21T03:00:09","date_gmt":"2026-04-21T03:00:09","guid":{"rendered":""},"modified":"2026-04-21T03:00:09","modified_gmt":"2026-04-21T03:00:09","slug":"12v-16ah-gel12-16-180x75x165","status":"publish","type":"product","link":"https:\/\/tparts.ee\/et\/p\/12v-16ah-gel12-16-180x75x165\/","title":{"rendered":"12V 16Ah GEL12-16 180x75x165-+"},"content":{"rendered":"<p><\/p>\n<ul><\/p>\n<li>Eriti suure           v\u00f5imsusega 12 V GEL aku kasutamiseks eriti n\u00f5udlikel           tingimustel.<\/li>\n<li>Suur k\u00e4ivitusvool ja vibratsioonikindlus.<\/li>\n<li>Lekkekindel ja 100% hooldevaba.<\/li>\n<li>V\u00f5ib paigaldada p\u00fcstisesse ja lamavasse asendisse.<\/li>\n<li>Eriti pikk kasutusiga.<\/li>\n<li>Talub h\u00e4sti s\u00fcgavt\u00fchjendamist ning laadimis- ja           t\u00fchjenemists\u00fckleid.<\/li>\n<li>Aku tarnitakse laetuna<\/li>\n<\/ul>\n<p>Mahtuvus:  16Ah<br \/>           MC-Japan nr.:  GEL12-16<br \/>           K\u00e4ivitusvool:  100A<br \/>           M\u00f5\u00f5dud (PxLxK) mm:  180x75x165mm<\/p>\n<p><\/p>","protected":false},"excerpt":{"rendered":"<p>S106-80016<\/p>\n","protected":false},"featured_media":786466,"template":"","meta":[],"product_cat":[55837,55704],"product_tag":[],"_links":{"self":[{"href":"https:\/\/tparts.ee\/et\/wp-json\/wp\/v2\/product\/786465"}],"collection":[{"href":"https:\/\/tparts.ee\/et\/wp-json\/wp\/v2\/product"}],"about":[{"href":"https:\/\/tparts.ee\/et\/wp-json\/wp\/v2\/types\/product"}],"wp:featuredmedia":[{"embeddable":true,"href":"https:\/\/tparts.ee\/et\/wp-json\/wp\/v2\/media\/786466"}],"wp:attachment":[{"href":"https:\/\/tparts.ee\/et\/wp-json\/wp\/v2\/media?parent=786465"}],"wp:term":[{"taxonomy":"product_cat","embeddable":true,"href":"https:\/\/tparts.ee\/et\/wp-json\/wp\/v2\/product_cat?post=786465"},{"taxonomy":"product_tag","embeddable":true,"href":"https:\/\/tparts.ee\/et\/wp-json\/wp\/v2\/product_tag?post=786465"}],"curies":[{"name":"wp","href":"https:\/\/api.w.org\/{rel}","templated":true}]}}