{"id":786441,"date":"2026-04-21T03:00:09","date_gmt":"2026-04-21T03:00:09","guid":{"rendered":""},"modified":"2026-04-21T03:00:09","modified_gmt":"2026-04-21T03:00:09","slug":"12v-12ah-ytx14ah-bs-agm-134x89x164-exi","status":"publish","type":"product","link":"https:\/\/tparts.ee\/et\/p\/12v-12ah-ytx14ah-bs-agm-134x89x164-exi\/","title":{"rendered":"12V 12Ah YTX14AH-BS AGM 134x89x164+- Exi"},"content":{"rendered":"<p><\/p>\n<ul><\/p>\n<li>Suure v\u00f5imsusega 12 V AGM aku kasutamiseks n\u00f5udlikel tingimustel.&nbsp;<\/li>\n<p><\/p>\n<li>Suur k\u00e4ivitusvool.<\/li>\n<p><\/p>\n<li>Lekkekindel ja 100% hooldevaba.&nbsp;<\/li>\n<p><\/p>\n<li>V\u00f5ib paigaldada p\u00fcstisesse ja lamavasse asendisse.&nbsp;<\/li>\n<p><\/p>\n<li>Aku tarnitakse kuivlaetuna kuid koos elektrol\u00fc\u00fcdi t\u00e4itekassetiga.&nbsp;<\/li>\n<p><\/p>\n<li>Enne kasutuselev\u00f5ttu tuleb aku t\u00e4ita elektrol\u00fc\u00fcdiga.<\/li>\n<\/ul>\n<table width=400 border=0 cellpadding=1 cellspacing=1>\n<tbody>\n<tr>\n<td height=35 width=150 valign=middle><strong>Mahtuvus:<\/strong><\/td>\n<td height=35 valign=middle>&nbsp;12Ah<\/td>\n<\/tr>\n<tr>\n<td height=35 valign=middle><span style=color: rgb(128<br \/>","protected":false},"excerpt":{"rendered":"<p>S106-4995<\/p>\n","protected":false},"featured_media":786442,"template":"","meta":[],"product_cat":[55837,55704],"product_tag":[],"_links":{"self":[{"href":"https:\/\/tparts.ee\/et\/wp-json\/wp\/v2\/product\/786441"}],"collection":[{"href":"https:\/\/tparts.ee\/et\/wp-json\/wp\/v2\/product"}],"about":[{"href":"https:\/\/tparts.ee\/et\/wp-json\/wp\/v2\/types\/product"}],"wp:featuredmedia":[{"embeddable":true,"href":"https:\/\/tparts.ee\/et\/wp-json\/wp\/v2\/media\/786442"}],"wp:attachment":[{"href":"https:\/\/tparts.ee\/et\/wp-json\/wp\/v2\/media?parent=786441"}],"wp:term":[{"taxonomy":"product_cat","embeddable":true,"href":"https:\/\/tparts.ee\/et\/wp-json\/wp\/v2\/product_cat?post=786441"},{"taxonomy":"product_tag","embeddable":true,"href":"https:\/\/tparts.ee\/et\/wp-json\/wp\/v2\/product_tag?post=786441"}],"curies":[{"name":"wp","href":"https:\/\/api.w.org\/{rel}","templated":true}]}}