{"id":786437,"date":"2026-04-21T03:00:09","date_gmt":"2026-04-21T03:00:09","guid":{"rendered":""},"modified":"2026-04-21T03:00:09","modified_gmt":"2026-04-21T03:00:09","slug":"12v-12ah-ytx14l-bs-agm-150x87x145-exid","status":"publish","type":"product","link":"https:\/\/tparts.ee\/et\/p\/12v-12ah-ytx14l-bs-agm-150x87x145-exid\/","title":{"rendered":"12V 12Ah YTX14L-BS AGM 150x87x145-+ Exid"},"content":{"rendered":"<p><\/p>\n<ul>\n<li>Suure v\u00f5imsusega 12V AGM aku kasutamiseks n\u00f5udlikel tingimustel.&nbsp;<\/li>\n<li>Suur k\u00e4ivitusvool.<\/li>\n<li>Lekkekindel ja 100% hooldevaba.&nbsp;<\/li>\n<li>V\u00f5ib paigaldada p\u00fcstisesse ja lamavasse asendisse.&nbsp;<\/li>\n<li>Aku tarnitakse kuivlaetuna kuid koos elektrol\u00fc\u00fcdi t\u00e4itekassetiga.&nbsp;<\/li>\n<li>Enne kasutuselev\u00f5ttu tuleb aku t\u00e4ita elektrol\u00fc\u00fcdiga.<\/li>\n<\/ul>\n<p>Mahtuvus:  12Ah<br \/>       K\u00e4ivitusvool:  200A<br \/>       MC-Japan nr.:  YTX14L-BS<br \/>       M\u00f5\u00f5dud (PxLxK) mm:  150x87x145mm<\/p>\n<p><\/p>","protected":false},"excerpt":{"rendered":"<p>S106-4993<\/p>\n","protected":false},"featured_media":786438,"template":"","meta":[],"product_cat":[55837,55704],"product_tag":[],"_links":{"self":[{"href":"https:\/\/tparts.ee\/et\/wp-json\/wp\/v2\/product\/786437"}],"collection":[{"href":"https:\/\/tparts.ee\/et\/wp-json\/wp\/v2\/product"}],"about":[{"href":"https:\/\/tparts.ee\/et\/wp-json\/wp\/v2\/types\/product"}],"wp:featuredmedia":[{"embeddable":true,"href":"https:\/\/tparts.ee\/et\/wp-json\/wp\/v2\/media\/786438"}],"wp:attachment":[{"href":"https:\/\/tparts.ee\/et\/wp-json\/wp\/v2\/media?parent=786437"}],"wp:term":[{"taxonomy":"product_cat","embeddable":true,"href":"https:\/\/tparts.ee\/et\/wp-json\/wp\/v2\/product_cat?post=786437"},{"taxonomy":"product_tag","embeddable":true,"href":"https:\/\/tparts.ee\/et\/wp-json\/wp\/v2\/product_tag?post=786437"}],"curies":[{"name":"wp","href":"https:\/\/api.w.org\/{rel}","templated":true}]}}