{"id":786351,"date":"2026-04-22T03:00:20","date_gmt":"2026-04-22T03:00:20","guid":{"rendered":""},"modified":"2026-04-22T03:00:20","modified_gmt":"2026-04-22T03:00:20","slug":"12v-18ah-agm12-18-181x77x167-exide","status":"publish","type":"product","link":"https:\/\/tparts.ee\/et\/p\/12v-18ah-agm12-18-181x77x167-exide\/","title":{"rendered":"12V 18Ah AGM12-18 181x77x167-+ Exide"},"content":{"rendered":"<p><\/p>\n<ul><\/p>\n<li>Eriti suure v\u00f5imsusega 12 V AGM\/GEL aku kasutamiseks eriti n\u00f5udlikel tingimustel.&nbsp;<\/li>\n<p><\/p>\n<li>Suur k\u00e4ivitusvool ja vibratsioonikindlus.<\/li>\n<p><\/p>\n<li>Lekkekindel ja 100% hooldevaba.&nbsp;<\/li>\n<p><\/p>\n<li>V\u00f5ib paigaldada p\u00fcstisesse ja lamavasse asendisse.<\/li>\n<p><\/p>\n<li>Eriti pikk kasutusiga.&nbsp;<\/li>\n<p><\/p>\n<li>Talub h\u00e4sti s\u00fcgavt\u00fchjendamist ning laadimis- ja t\u00fchjenemists\u00fckleid.&nbsp;<\/li>\n<p><\/p>\n<li>Aku tarnitakse laetuna.<\/li>\n<\/ul>\n<table width=400 border=0 cellspacing=1 cellpadding=1>\n<tbody>\n<tr>\n<td width=150 height=35 valign=middle><strong>Mahtuvus:<\/strong><\/td>\n<td height=35 valign=middle>&nbsp;18Ah<\/td>\n<\/tr>\n<tr>\n<td height=35 valign=middle><span style=color: rgb(128\n<\/p>","protected":false},"excerpt":{"rendered":"<p>S106-4584<\/p>\n","protected":false},"featured_media":786352,"template":"","meta":[],"product_cat":[55837,55704],"product_tag":[],"_links":{"self":[{"href":"https:\/\/tparts.ee\/et\/wp-json\/wp\/v2\/product\/786351"}],"collection":[{"href":"https:\/\/tparts.ee\/et\/wp-json\/wp\/v2\/product"}],"about":[{"href":"https:\/\/tparts.ee\/et\/wp-json\/wp\/v2\/types\/product"}],"wp:featuredmedia":[{"embeddable":true,"href":"https:\/\/tparts.ee\/et\/wp-json\/wp\/v2\/media\/786352"}],"wp:attachment":[{"href":"https:\/\/tparts.ee\/et\/wp-json\/wp\/v2\/media?parent=786351"}],"wp:term":[{"taxonomy":"product_cat","embeddable":true,"href":"https:\/\/tparts.ee\/et\/wp-json\/wp\/v2\/product_cat?post=786351"},{"taxonomy":"product_tag","embeddable":true,"href":"https:\/\/tparts.ee\/et\/wp-json\/wp\/v2\/product_tag?post=786351"}],"curies":[{"name":"wp","href":"https:\/\/api.w.org\/{rel}","templated":true}]}}