{"id":786341,"date":"2026-04-21T03:00:09","date_gmt":"2026-04-21T03:00:09","guid":{"rendered":""},"modified":"2026-04-21T03:00:09","modified_gmt":"2026-04-21T03:00:09","slug":"12v-14ah-yb14l-b2-134x89x166-exide","status":"publish","type":"product","link":"https:\/\/tparts.ee\/et\/p\/12v-14ah-yb14l-b2-134x89x166-exide\/","title":{"rendered":"12V 14Ah YB14L-B2 134x89x166-+ Exide"},"content":{"rendered":"<p><\/p>\n<p>&nbsp;<\/p>\n<ul>\n<li>Klassikaline 12V k\u00e4ivitusaku kasutamiseks tavatingimustel.&nbsp;<\/li>\n<li>Optimaalne k\u00e4ivitusvool ja v\u00e4ike hooldevajadus.&nbsp;<\/li>\n<li>V\u00f5ib vajada t\u00f6\u00f6ea v\u00e4ltel vee lisamist&nbsp;<\/li>\n<li>Ainult p\u00fcstiseks paigaldamiseks&nbsp;<\/li>\n<li>Aku tarnitakse kuivlaetuna.<\/li>\n<li>Enne kasutuselev\u00f5ttu tuleb aku t\u00e4ita elektrol\u00fc\u00fcdiga.&nbsp;<\/li>\n<\/ul>\n<p>&nbsp;<\/p>\n<p>&nbsp;<\/p>\n<table width=400 border=0 cellpadding=1 cellspacing=1>\n<tbody>\n<tr>\n<td height=35 width=150 valign=middle><span style=color: rgb(128\n<\/p>","protected":false},"excerpt":{"rendered":"<p>S106-4567<\/p>\n","protected":false},"featured_media":786342,"template":"","meta":[],"product_cat":[55837,55704],"product_tag":[],"_links":{"self":[{"href":"https:\/\/tparts.ee\/et\/wp-json\/wp\/v2\/product\/786341"}],"collection":[{"href":"https:\/\/tparts.ee\/et\/wp-json\/wp\/v2\/product"}],"about":[{"href":"https:\/\/tparts.ee\/et\/wp-json\/wp\/v2\/types\/product"}],"wp:featuredmedia":[{"embeddable":true,"href":"https:\/\/tparts.ee\/et\/wp-json\/wp\/v2\/media\/786342"}],"wp:attachment":[{"href":"https:\/\/tparts.ee\/et\/wp-json\/wp\/v2\/media?parent=786341"}],"wp:term":[{"taxonomy":"product_cat","embeddable":true,"href":"https:\/\/tparts.ee\/et\/wp-json\/wp\/v2\/product_cat?post=786341"},{"taxonomy":"product_tag","embeddable":true,"href":"https:\/\/tparts.ee\/et\/wp-json\/wp\/v2\/product_tag?post=786341"}],"curies":[{"name":"wp","href":"https:\/\/api.w.org\/{rel}","templated":true}]}}