{"id":784779,"date":"2026-04-21T03:00:07","date_gmt":"2026-04-21T03:00:07","guid":{"rendered":""},"modified":"2026-04-21T03:00:07","modified_gmt":"2026-04-21T03:00:07","slug":"ohuvarskendi-ionisaator-12v","status":"publish","type":"product","link":"https:\/\/tparts.ee\/et\/p\/ohuvarskendi-ionisaator-12v\/","title":{"rendered":"\u00d5huv\u00e4rskendi-ionisaator 12V"},"content":{"rendered":"<p><\/p>\n<p>Seade k\u00f5rvaldab \u00f5hust ebameeldivaid l\u00f5hnu<\/p>","protected":false},"excerpt":{"rendered":"<p>S103-3762.5<\/p>\n","protected":false},"featured_media":784780,"template":"","meta":[],"product_cat":[55632,56121,55633],"product_tag":[],"_links":{"self":[{"href":"https:\/\/tparts.ee\/et\/wp-json\/wp\/v2\/product\/784779"}],"collection":[{"href":"https:\/\/tparts.ee\/et\/wp-json\/wp\/v2\/product"}],"about":[{"href":"https:\/\/tparts.ee\/et\/wp-json\/wp\/v2\/types\/product"}],"wp:featuredmedia":[{"embeddable":true,"href":"https:\/\/tparts.ee\/et\/wp-json\/wp\/v2\/media\/784780"}],"wp:attachment":[{"href":"https:\/\/tparts.ee\/et\/wp-json\/wp\/v2\/media?parent=784779"}],"wp:term":[{"taxonomy":"product_cat","embeddable":true,"href":"https:\/\/tparts.ee\/et\/wp-json\/wp\/v2\/product_cat?post=784779"},{"taxonomy":"product_tag","embeddable":true,"href":"https:\/\/tparts.ee\/et\/wp-json\/wp\/v2\/product_tag?post=784779"}],"curies":[{"name":"wp","href":"https:\/\/api.w.org\/{rel}","templated":true}]}}