{"id":784247,"date":"2026-04-21T03:00:06","date_gmt":"2026-04-21T03:00:06","guid":{"rendered":""},"modified":"2026-04-21T03:00:06","modified_gmt":"2026-04-21T03:00:06","slug":"kompressor-12v-250psi-plastik","status":"publish","type":"product","link":"https:\/\/tparts.ee\/et\/p\/kompressor-12v-250psi-plastik\/","title":{"rendered":"Kompressor 12V 250psi Plastik"},"content":{"rendered":"<p><\/p>\n<ul>\n<li>Maksimaalne t\u00f6\u00f6r\u00f5hk 250PSI<\/li>\n<li>V\u00f5imsus 120W<\/li>\n<\/ul>\n<p>Mitte kasutada rohkem kui 10 min j\u00e4rjest. Lasta kompressoril jahtuda 30 min peale iga kasutamist.&nbsp;<\/p>\n<p><\/p>","protected":false},"excerpt":{"rendered":"<p>S103-02038<\/p>\n","protected":false},"featured_media":784248,"template":"","meta":[],"product_cat":[55632,55732,55645],"product_tag":[],"_links":{"self":[{"href":"https:\/\/tparts.ee\/et\/wp-json\/wp\/v2\/product\/784247"}],"collection":[{"href":"https:\/\/tparts.ee\/et\/wp-json\/wp\/v2\/product"}],"about":[{"href":"https:\/\/tparts.ee\/et\/wp-json\/wp\/v2\/types\/product"}],"wp:featuredmedia":[{"embeddable":true,"href":"https:\/\/tparts.ee\/et\/wp-json\/wp\/v2\/media\/784248"}],"wp:attachment":[{"href":"https:\/\/tparts.ee\/et\/wp-json\/wp\/v2\/media?parent=784247"}],"wp:term":[{"taxonomy":"product_cat","embeddable":true,"href":"https:\/\/tparts.ee\/et\/wp-json\/wp\/v2\/product_cat?post=784247"},{"taxonomy":"product_tag","embeddable":true,"href":"https:\/\/tparts.ee\/et\/wp-json\/wp\/v2\/product_tag?post=784247"}],"curies":[{"name":"wp","href":"https:\/\/api.w.org\/{rel}","templated":true}]}}