{"id":783289,"date":"2026-04-21T03:00:04","date_gmt":"2026-04-21T03:00:04","guid":{"rendered":""},"modified":"2026-04-21T03:00:04","modified_gmt":"2026-04-21T03:00:04","slug":"paadihaagis-bp2600-drb-2600kg","status":"publish","type":"product","link":"https:\/\/tparts.ee\/et\/p\/paadihaagis-bp2600-drb-2600kg\/","title":{"rendered":"Paadihaagis BP2600-DRB(2600kg)"},"content":{"rendered":"<p><\/p>\n<p>Kuumtsingitud keevisraamil professionaalseks kasutamiseks m\u00f5eldud kaheteljeline paadihaagis. Sellel haagisel on t\u00e4is veekindel juhmete s\u00fcsteem ja veekindlad tuled<\/p>","protected":false},"excerpt":{"rendered":"<p>M106-EC0517TI<\/p>\n","protected":false},"featured_media":783290,"template":"","meta":[],"product_cat":[55632,56824,55695],"product_tag":[],"_links":{"self":[{"href":"https:\/\/tparts.ee\/et\/wp-json\/wp\/v2\/product\/783289"}],"collection":[{"href":"https:\/\/tparts.ee\/et\/wp-json\/wp\/v2\/product"}],"about":[{"href":"https:\/\/tparts.ee\/et\/wp-json\/wp\/v2\/types\/product"}],"wp:featuredmedia":[{"embeddable":true,"href":"https:\/\/tparts.ee\/et\/wp-json\/wp\/v2\/media\/783290"}],"wp:attachment":[{"href":"https:\/\/tparts.ee\/et\/wp-json\/wp\/v2\/media?parent=783289"}],"wp:term":[{"taxonomy":"product_cat","embeddable":true,"href":"https:\/\/tparts.ee\/et\/wp-json\/wp\/v2\/product_cat?post=783289"},{"taxonomy":"product_tag","embeddable":true,"href":"https:\/\/tparts.ee\/et\/wp-json\/wp\/v2\/product_tag?post=783289"}],"curies":[{"name":"wp","href":"https:\/\/api.w.org\/{rel}","templated":true}]}}