{"id":783255,"date":"2026-04-21T03:00:04","date_gmt":"2026-04-21T03:00:04","guid":{"rendered":""},"modified":"2026-04-21T03:00:04","modified_gmt":"2026-04-21T03:00:04","slug":"platvormhaagis-cp600-drbw-drop-3500kg","status":"publish","type":"product","link":"https:\/\/tparts.ee\/et\/p\/platvormhaagis-cp600-drbw-drop-3500kg\/","title":{"rendered":"Platvormhaagis CP600-DRBW\/drop\/3500kg"},"content":{"rendered":"<p><\/p>\n<p>T\u00f5eliselt elegantne alumiiniumportedega professionaali haagis! Kaupa saab peale laadida mugavalt ja kiirelt haagise igalt k\u00fcljelt. K\u00f5ik luugid on avatavad ja eemaldatavad. Samuti on eemaldatavad k\u00f5ik nurga- ja k\u00fcljepostid. Haagise p\u00f5hja all asuvates taskutes saab kaasas vedada peales\u00f5idurampe<\/p>","protected":false},"excerpt":{"rendered":"<p>M106-EC0183TI<\/p>\n","protected":false},"featured_media":783256,"template":"","meta":[],"product_cat":[55632,56824,55695],"product_tag":[],"_links":{"self":[{"href":"https:\/\/tparts.ee\/et\/wp-json\/wp\/v2\/product\/783255"}],"collection":[{"href":"https:\/\/tparts.ee\/et\/wp-json\/wp\/v2\/product"}],"about":[{"href":"https:\/\/tparts.ee\/et\/wp-json\/wp\/v2\/types\/product"}],"wp:featuredmedia":[{"embeddable":true,"href":"https:\/\/tparts.ee\/et\/wp-json\/wp\/v2\/media\/783256"}],"wp:attachment":[{"href":"https:\/\/tparts.ee\/et\/wp-json\/wp\/v2\/media?parent=783255"}],"wp:term":[{"taxonomy":"product_cat","embeddable":true,"href":"https:\/\/tparts.ee\/et\/wp-json\/wp\/v2\/product_cat?post=783255"},{"taxonomy":"product_tag","embeddable":true,"href":"https:\/\/tparts.ee\/et\/wp-json\/wp\/v2\/product_tag?post=783255"}],"curies":[{"name":"wp","href":"https:\/\/api.w.org\/{rel}","templated":true}]}}