{"id":783027,"date":"2026-04-21T03:00:04","date_gmt":"2026-04-21T03:00:04","guid":{"rendered":""},"modified":"2026-04-21T03:00:04","modified_gmt":"2026-04-21T03:00:04","slug":"varavavahi-kuunarnukikaitsmed-m-l","status":"publish","type":"product","link":"https:\/\/tparts.ee\/et\/p\/varavavahi-kuunarnukikaitsmed-m-l\/","title":{"rendered":"V\u00e4ravavahi k\u00fc\u00fcnarnukikaitsmed M\/L"},"content":{"rendered":"","protected":false},"excerpt":{"rendered":"<p>M104-516500M<\/p>\n","protected":false},"featured_media":783028,"template":"","meta":[],"product_cat":[55618,55617,55860],"product_tag":[],"_links":{"self":[{"href":"https:\/\/tparts.ee\/et\/wp-json\/wp\/v2\/product\/783027"}],"collection":[{"href":"https:\/\/tparts.ee\/et\/wp-json\/wp\/v2\/product"}],"about":[{"href":"https:\/\/tparts.ee\/et\/wp-json\/wp\/v2\/types\/product"}],"wp:featuredmedia":[{"embeddable":true,"href":"https:\/\/tparts.ee\/et\/wp-json\/wp\/v2\/media\/783028"}],"wp:attachment":[{"href":"https:\/\/tparts.ee\/et\/wp-json\/wp\/v2\/media?parent=783027"}],"wp:term":[{"taxonomy":"product_cat","embeddable":true,"href":"https:\/\/tparts.ee\/et\/wp-json\/wp\/v2\/product_cat?post=783027"},{"taxonomy":"product_tag","embeddable":true,"href":"https:\/\/tparts.ee\/et\/wp-json\/wp\/v2\/product_tag?post=783027"}],"curies":[{"name":"wp","href":"https:\/\/api.w.org\/{rel}","templated":true}]}}