{"id":782693,"date":"2026-04-21T03:00:03","date_gmt":"2026-04-21T03:00:03","guid":{"rendered":""},"modified":"2026-04-21T03:00:03","modified_gmt":"2026-04-21T03:00:03","slug":"karu-minitrac-john-deere","status":"publish","type":"product","link":"https:\/\/tparts.ee\/et\/p\/karu-minitrac-john-deere\/","title":{"rendered":"K\u00e4ru Minitrac John Deere"},"content":{"rendered":"<p><\/p>\n<p>J\u00e4relk\u00e4ru Rolly jalgadega l\u00fckatavatele traktoritele. Kaal 1<\/p>","protected":false},"excerpt":{"rendered":"<p>M100-122028<\/p>\n","protected":false},"featured_media":782694,"template":"","meta":[],"product_cat":[55757,55721,55617],"product_tag":[],"_links":{"self":[{"href":"https:\/\/tparts.ee\/et\/wp-json\/wp\/v2\/product\/782693"}],"collection":[{"href":"https:\/\/tparts.ee\/et\/wp-json\/wp\/v2\/product"}],"about":[{"href":"https:\/\/tparts.ee\/et\/wp-json\/wp\/v2\/types\/product"}],"wp:featuredmedia":[{"embeddable":true,"href":"https:\/\/tparts.ee\/et\/wp-json\/wp\/v2\/media\/782694"}],"wp:attachment":[{"href":"https:\/\/tparts.ee\/et\/wp-json\/wp\/v2\/media?parent=782693"}],"wp:term":[{"taxonomy":"product_cat","embeddable":true,"href":"https:\/\/tparts.ee\/et\/wp-json\/wp\/v2\/product_cat?post=782693"},{"taxonomy":"product_tag","embeddable":true,"href":"https:\/\/tparts.ee\/et\/wp-json\/wp\/v2\/product_tag?post=782693"}],"curies":[{"name":"wp","href":"https:\/\/api.w.org\/{rel}","templated":true}]}}