{"id":782599,"date":"2026-04-21T03:00:03","date_gmt":"2026-04-21T03:00:03","guid":{"rendered":""},"modified":"2026-04-21T03:00:03","modified_gmt":"2026-04-21T03:00:03","slug":"5l-mootorioli-dexos1-gm-5w30","status":"publish","type":"product","link":"https:\/\/tparts.ee\/et\/p\/5l-mootorioli-dexos1-gm-5w30\/","title":{"rendered":"5L Mootori\u00f5li Dexos1 GM 5W30"},"content":{"rendered":"<p><\/p>\n<p>Originaalpakendis mootori\u00f5li kaasaegsetele otsesissepritsega turbomootoritele. Aitab v\u00e4hendada mootori kulumist mootori t\u00f6\u00f6tamisel madalatel p\u00f6\u00f6retel suure p\u00f6\u00f6rdemomendiga t\u00f6\u00f6re\u017eiimis.<\/p>\n<p>Spetsifikatsioon: API SN+RC<\/p>\n<p><\/p>","protected":false},"excerpt":{"rendered":"<p>95599877<\/p>\n","protected":false},"featured_media":782600,"template":"","meta":[],"product_cat":[55632,55692,55693],"product_tag":[],"_links":{"self":[{"href":"https:\/\/tparts.ee\/et\/wp-json\/wp\/v2\/product\/782599"}],"collection":[{"href":"https:\/\/tparts.ee\/et\/wp-json\/wp\/v2\/product"}],"about":[{"href":"https:\/\/tparts.ee\/et\/wp-json\/wp\/v2\/types\/product"}],"wp:featuredmedia":[{"embeddable":true,"href":"https:\/\/tparts.ee\/et\/wp-json\/wp\/v2\/media\/782600"}],"wp:attachment":[{"href":"https:\/\/tparts.ee\/et\/wp-json\/wp\/v2\/media?parent=782599"}],"wp:term":[{"taxonomy":"product_cat","embeddable":true,"href":"https:\/\/tparts.ee\/et\/wp-json\/wp\/v2\/product_cat?post=782599"},{"taxonomy":"product_tag","embeddable":true,"href":"https:\/\/tparts.ee\/et\/wp-json\/wp\/v2\/product_tag?post=782599"}],"curies":[{"name":"wp","href":"https:\/\/api.w.org\/{rel}","templated":true}]}}