{"id":782487,"date":"2026-04-21T03:00:03","date_gmt":"2026-04-21T03:00:03","guid":{"rendered":""},"modified":"2026-04-21T03:00:03","modified_gmt":"2026-04-21T03:00:03","slug":"bosch-twin-kojamehed-604s-600-450mm","status":"publish","type":"product","link":"https:\/\/tparts.ee\/et\/p\/bosch-twin-kojamehed-604s-600-450mm\/","title":{"rendered":"Bosch TWIN kojamehed 604S 600\/450mm"},"content":{"rendered":"<p><\/p>\n<p>S\u00fcmmeetrilise spoileriga aerod\u00fcnaamiline disain v\u00e4hendab \u00f5hutakistust<\/p>","protected":false},"excerpt":{"rendered":"<p>3397118303<\/p>\n","protected":false},"featured_media":782488,"template":"","meta":[],"product_cat":[55632,55690],"product_tag":[],"_links":{"self":[{"href":"https:\/\/tparts.ee\/et\/wp-json\/wp\/v2\/product\/782487"}],"collection":[{"href":"https:\/\/tparts.ee\/et\/wp-json\/wp\/v2\/product"}],"about":[{"href":"https:\/\/tparts.ee\/et\/wp-json\/wp\/v2\/types\/product"}],"wp:featuredmedia":[{"embeddable":true,"href":"https:\/\/tparts.ee\/et\/wp-json\/wp\/v2\/media\/782488"}],"wp:attachment":[{"href":"https:\/\/tparts.ee\/et\/wp-json\/wp\/v2\/media?parent=782487"}],"wp:term":[{"taxonomy":"product_cat","embeddable":true,"href":"https:\/\/tparts.ee\/et\/wp-json\/wp\/v2\/product_cat?post=782487"},{"taxonomy":"product_tag","embeddable":true,"href":"https:\/\/tparts.ee\/et\/wp-json\/wp\/v2\/product_tag?post=782487"}],"curies":[{"name":"wp","href":"https:\/\/api.w.org\/{rel}","templated":true}]}}