{"id":781937,"date":"2026-04-21T03:00:02","date_gmt":"2026-04-21T03:00:02","guid":{"rendered":""},"modified":"2026-04-21T03:00:02","modified_gmt":"2026-04-21T03:00:02","slug":"bosch-twin-kojamehed-583s-530-530mm","status":"publish","type":"product","link":"https:\/\/tparts.ee\/et\/p\/bosch-twin-kojamehed-583s-530-530mm\/","title":{"rendered":"Bosch TWIN kojamehed 583S 530\/530mm"},"content":{"rendered":"<p><\/p>\n<p>S\u00fcmmeetrilise spoileriga aerod\u00fcnaamiline disain v\u00e4hendab \u00f5hutakistust<\/p>","protected":false},"excerpt":{"rendered":"<p>3397001583<\/p>\n","protected":false},"featured_media":781938,"template":"","meta":[],"product_cat":[55632,55690],"product_tag":[],"_links":{"self":[{"href":"https:\/\/tparts.ee\/et\/wp-json\/wp\/v2\/product\/781937"}],"collection":[{"href":"https:\/\/tparts.ee\/et\/wp-json\/wp\/v2\/product"}],"about":[{"href":"https:\/\/tparts.ee\/et\/wp-json\/wp\/v2\/types\/product"}],"wp:featuredmedia":[{"embeddable":true,"href":"https:\/\/tparts.ee\/et\/wp-json\/wp\/v2\/media\/781938"}],"wp:attachment":[{"href":"https:\/\/tparts.ee\/et\/wp-json\/wp\/v2\/media?parent=781937"}],"wp:term":[{"taxonomy":"product_cat","embeddable":true,"href":"https:\/\/tparts.ee\/et\/wp-json\/wp\/v2\/product_cat?post=781937"},{"taxonomy":"product_tag","embeddable":true,"href":"https:\/\/tparts.ee\/et\/wp-json\/wp\/v2\/product_tag?post=781937"}],"curies":[{"name":"wp","href":"https:\/\/api.w.org\/{rel}","templated":true}]}}