{"id":781875,"date":"2026-04-22T03:00:03","date_gmt":"2026-04-22T03:00:03","guid":{"rendered":""},"modified":"2026-04-22T03:00:03","modified_gmt":"2026-04-22T03:00:03","slug":"mootorioli-5w30-1l-toyota-orig-a5-b5","status":"publish","type":"product","link":"https:\/\/tparts.ee\/et\/p\/mootorioli-5w30-1l-toyota-orig-a5-b5\/","title":{"rendered":"Mootori\u00f5li 5W30 1L Toyota orig A5\/B5"},"content":{"rendered":"<p><\/p>\n<p>K\u00fctust s\u00e4\u00e4stev s\u00fcnteetiline mootori\u00f5li Toyota bensiini ja&nbsp;diiselmootoritele. (v\u00e4ljaarvatud DPF filtriga varustatud s\u00f5idukid)<\/p>\n<p><\/p>","protected":false},"excerpt":{"rendered":"<p>0888080846<\/p>\n","protected":false},"featured_media":781876,"template":"","meta":[],"product_cat":[55632,55692,55693],"product_tag":[],"_links":{"self":[{"href":"https:\/\/tparts.ee\/et\/wp-json\/wp\/v2\/product\/781875"}],"collection":[{"href":"https:\/\/tparts.ee\/et\/wp-json\/wp\/v2\/product"}],"about":[{"href":"https:\/\/tparts.ee\/et\/wp-json\/wp\/v2\/types\/product"}],"wp:featuredmedia":[{"embeddable":true,"href":"https:\/\/tparts.ee\/et\/wp-json\/wp\/v2\/media\/781876"}],"wp:attachment":[{"href":"https:\/\/tparts.ee\/et\/wp-json\/wp\/v2\/media?parent=781875"}],"wp:term":[{"taxonomy":"product_cat","embeddable":true,"href":"https:\/\/tparts.ee\/et\/wp-json\/wp\/v2\/product_cat?post=781875"},{"taxonomy":"product_tag","embeddable":true,"href":"https:\/\/tparts.ee\/et\/wp-json\/wp\/v2\/product_tag?post=781875"}],"curies":[{"name":"wp","href":"https:\/\/api.w.org\/{rel}","templated":true}]}}