{"id":781851,"date":"2026-04-18T03:00:15","date_gmt":"2026-04-18T03:00:15","guid":{"rendered":""},"modified":"2026-04-18T03:00:15","modified_gmt":"2026-04-18T03:00:15","slug":"roolinupp-must-nahk","status":"publish","type":"product","link":"https:\/\/tparts.ee\/et\/p\/roolinupp-must-nahk\/","title":{"rendered":"Roolinupp must nahk"},"content":{"rendered":"<p> l\u00e4bim\u00f5\u00f5dule 20-40mm<\/p>","protected":false},"excerpt":{"rendered":"<p>S103-0003.9<\/p>\n","protected":false},"featured_media":781852,"template":"","meta":[],"product_cat":[55632,56099,55633],"product_tag":[],"_links":{"self":[{"href":"https:\/\/tparts.ee\/et\/wp-json\/wp\/v2\/product\/781851"}],"collection":[{"href":"https:\/\/tparts.ee\/et\/wp-json\/wp\/v2\/product"}],"about":[{"href":"https:\/\/tparts.ee\/et\/wp-json\/wp\/v2\/types\/product"}],"wp:featuredmedia":[{"embeddable":true,"href":"https:\/\/tparts.ee\/et\/wp-json\/wp\/v2\/media\/781852"}],"wp:attachment":[{"href":"https:\/\/tparts.ee\/et\/wp-json\/wp\/v2\/media?parent=781851"}],"wp:term":[{"taxonomy":"product_cat","embeddable":true,"href":"https:\/\/tparts.ee\/et\/wp-json\/wp\/v2\/product_cat?post=781851"},{"taxonomy":"product_tag","embeddable":true,"href":"https:\/\/tparts.ee\/et\/wp-json\/wp\/v2\/product_tag?post=781851"}],"curies":[{"name":"wp","href":"https:\/\/api.w.org\/{rel}","templated":true}]}}