{"id":781700,"date":"2026-04-15T03:00:07","date_gmt":"2026-04-15T03:00:07","guid":{"rendered":""},"modified":"2026-04-15T03:00:07","modified_gmt":"2026-04-15T03:00:07","slug":"jalgrattakell-retro-erinevad-varvid","status":"publish","type":"product","link":"https:\/\/tparts.ee\/et\/p\/jalgrattakell-retro-erinevad-varvid\/","title":{"rendered":"Jalgrattakell retro erinevad v\u00e4rvid"},"content":{"rendered":"<p><\/p>\n<p>l\u00e4bim\u00f5\u00f5t 58 mm<\/p>\n<p><\/p>","protected":false},"excerpt":{"rendered":"<p>S123-5281<\/p>\n","protected":false},"featured_media":781701,"template":"","meta":[],"product_cat":[55797,55813,55617],"product_tag":[],"_links":{"self":[{"href":"https:\/\/tparts.ee\/et\/wp-json\/wp\/v2\/product\/781700"}],"collection":[{"href":"https:\/\/tparts.ee\/et\/wp-json\/wp\/v2\/product"}],"about":[{"href":"https:\/\/tparts.ee\/et\/wp-json\/wp\/v2\/types\/product"}],"wp:featuredmedia":[{"embeddable":true,"href":"https:\/\/tparts.ee\/et\/wp-json\/wp\/v2\/media\/781701"}],"wp:attachment":[{"href":"https:\/\/tparts.ee\/et\/wp-json\/wp\/v2\/media?parent=781700"}],"wp:term":[{"taxonomy":"product_cat","embeddable":true,"href":"https:\/\/tparts.ee\/et\/wp-json\/wp\/v2\/product_cat?post=781700"},{"taxonomy":"product_tag","embeddable":true,"href":"https:\/\/tparts.ee\/et\/wp-json\/wp\/v2\/product_tag?post=781700"}],"curies":[{"name":"wp","href":"https:\/\/api.w.org\/{rel}","templated":true}]}}