{"id":781283,"date":"2026-04-11T03:00:08","date_gmt":"2026-04-11T03:00:08","guid":{"rendered":""},"modified":"2026-04-11T03:00:08","modified_gmt":"2026-04-11T03:00:08","slug":"kuunlapadrun-16mm-3-8-bmw","status":"publish","type":"product","link":"https:\/\/tparts.ee\/et\/p\/kuunlapadrun-16mm-3-8-bmw\/","title":{"rendered":"K\u00fc\u00fcnlapadrun 16mm 3\/8 BMW"},"content":{"rendered":"<p><\/p>\n<p>\u00d5hukese seinaga(maks.dia. 20.8mm) 6-kant k\u00fc\u00fcnlav\u00f5ti<\/p>\n<p>     Sobib h\u00e4sti Bmw mootorataste s\u00fc\u00fctek\u00fc\u00fcnalde vahetamiseks<br \/>     Valmistatud kroom-vanaadiumist<\/p>\n<p>     Valikus ka 14mm v\u00f5ti (S183-6371)<\/p>\n<p><\/p>","protected":false},"excerpt":{"rendered":"<p>S183-6370<\/p>\n","protected":false},"featured_media":781284,"template":"","meta":[],"product_cat":[55638,55724,55622],"product_tag":[],"_links":{"self":[{"href":"https:\/\/tparts.ee\/et\/wp-json\/wp\/v2\/product\/781283"}],"collection":[{"href":"https:\/\/tparts.ee\/et\/wp-json\/wp\/v2\/product"}],"about":[{"href":"https:\/\/tparts.ee\/et\/wp-json\/wp\/v2\/types\/product"}],"wp:featuredmedia":[{"embeddable":true,"href":"https:\/\/tparts.ee\/et\/wp-json\/wp\/v2\/media\/781284"}],"wp:attachment":[{"href":"https:\/\/tparts.ee\/et\/wp-json\/wp\/v2\/media?parent=781283"}],"wp:term":[{"taxonomy":"product_cat","embeddable":true,"href":"https:\/\/tparts.ee\/et\/wp-json\/wp\/v2\/product_cat?post=781283"},{"taxonomy":"product_tag","embeddable":true,"href":"https:\/\/tparts.ee\/et\/wp-json\/wp\/v2\/product_tag?post=781283"}],"curies":[{"name":"wp","href":"https:\/\/api.w.org\/{rel}","templated":true}]}}