{"id":779339,"date":"2026-03-26T03:00:09","date_gmt":"2026-03-26T03:00:09","guid":{"rendered":""},"modified":"2026-03-26T03:00:09","modified_gmt":"2026-03-26T03:00:09","slug":"lambdaanduri-padrun-1-2-22mm","status":"publish","type":"product","link":"https:\/\/tparts.ee\/et\/p\/lambdaanduri-padrun-1-2-22mm\/","title":{"rendered":"Lambdaanduri padrun 1\/2  22mm"},"content":{"rendered":"<p><\/p>\n<p>L\u00fchike &#8211; pikkus: 75mm.<br \/>     22 mm \u00fcksikute Hex Lambda (hapniku) andurite jaoks.<br \/>     L\u00f5hikuga  padrun ja 1\/2 knarre \u00fchendus v\u00f5imaldab rakendada suuremat     j\u00f5udu.<br \/>     S\u00f5ltuvalt ligip\u00e4\u00e4sust<\/p>","protected":false},"excerpt":{"rendered":"<p>S183-8063<\/p>\n","protected":false},"featured_media":779340,"template":"","meta":[],"product_cat":[55638,55724,55622],"product_tag":[],"_links":{"self":[{"href":"https:\/\/tparts.ee\/et\/wp-json\/wp\/v2\/product\/779339"}],"collection":[{"href":"https:\/\/tparts.ee\/et\/wp-json\/wp\/v2\/product"}],"about":[{"href":"https:\/\/tparts.ee\/et\/wp-json\/wp\/v2\/types\/product"}],"wp:featuredmedia":[{"embeddable":true,"href":"https:\/\/tparts.ee\/et\/wp-json\/wp\/v2\/media\/779340"}],"wp:attachment":[{"href":"https:\/\/tparts.ee\/et\/wp-json\/wp\/v2\/media?parent=779339"}],"wp:term":[{"taxonomy":"product_cat","embeddable":true,"href":"https:\/\/tparts.ee\/et\/wp-json\/wp\/v2\/product_cat?post=779339"},{"taxonomy":"product_tag","embeddable":true,"href":"https:\/\/tparts.ee\/et\/wp-json\/wp\/v2\/product_tag?post=779339"}],"curies":[{"name":"wp","href":"https:\/\/api.w.org\/{rel}","templated":true}]}}