{"id":779292,"date":"2026-02-19T03:00:07","date_gmt":"2026-02-19T03:00:07","guid":{"rendered":""},"modified":"2026-02-19T03:00:07","modified_gmt":"2026-02-19T03:00:07","slug":"eelsuutekuunla-eemaldaja-8-10mm","status":"publish","type":"product","link":"https:\/\/tparts.ee\/et\/p\/eelsuutekuunla-eemaldaja-8-10mm\/","title":{"rendered":"Eels\u00fc\u00fctek\u00fc\u00fcnla eemaldaja 8-10mm"},"content":{"rendered":"<p><\/p>\n<p>Katkiste ja\/v&otilde;i murdunud eels&uuml;&uuml;tek&uuml;&uuml;nalde eemaldamiseks.<br \/>M&otilde;eldud &nbsp;8mm ja 10mm keermega s&uuml;&uuml;tek&uuml;&uuml;naldele.<br \/>Plastikust hoiukarbis.<br \/>Toode on kuluosa.<br \/>Osad eraldi saadaval.<br \/>S183-5376 &nbsp; 5205 tikkpolt(15) &nbsp; &nbsp; &nbsp; &nbsp; &nbsp; &nbsp; &nbsp; &nbsp; &nbsp; &nbsp; &nbsp;&nbsp; &nbsp; &nbsp; &nbsp; &nbsp;<br \/>S183-1010&nbsp; &nbsp;5205 puurijuhik(10) &nbsp; &nbsp; &nbsp; &nbsp; &nbsp; &nbsp; &nbsp; &nbsp; &nbsp; &nbsp;&nbsp; &nbsp; &nbsp; &nbsp;<br \/>S183-5377 &nbsp; 5205 puur M8(8) &nbsp; &nbsp; &nbsp; &nbsp; &nbsp; &nbsp; &nbsp; &nbsp; &nbsp; &nbsp; &nbsp; &nbsp;&nbsp; &nbsp; &nbsp; &nbsp; &nbsp;<br \/>S183-5378 &nbsp; 5205 puur M10(9) &nbsp; &nbsp; &nbsp; &nbsp; &nbsp; &nbsp; &nbsp; &nbsp; &nbsp; &nbsp; &nbsp; &nbsp; &nbsp; &nbsp; &nbsp; &nbsp;&nbsp;<br \/>S183-5373 &nbsp; 5205 keermepulk 1\/4(12) &nbsp; &nbsp; &nbsp; &nbsp; &nbsp; &nbsp; &nbsp; &nbsp;&nbsp; &nbsp; &nbsp; &nbsp; &nbsp;&nbsp;<\/p>\n<p><iframe src=https:\/\/www.youtube.com\/embed\/ee6sfgIhfT4 width=560 height=314 allowfullscreen=allowfullscreen><\/iframe><\/p>\n<p><\/p>","protected":false},"excerpt":{"rendered":"<p>S183-5205<\/p>\n","protected":false},"featured_media":779293,"template":"","meta":[],"product_cat":[55638,55724,55622],"product_tag":[],"_links":{"self":[{"href":"https:\/\/tparts.ee\/et\/wp-json\/wp\/v2\/product\/779292"}],"collection":[{"href":"https:\/\/tparts.ee\/et\/wp-json\/wp\/v2\/product"}],"about":[{"href":"https:\/\/tparts.ee\/et\/wp-json\/wp\/v2\/types\/product"}],"wp:featuredmedia":[{"embeddable":true,"href":"https:\/\/tparts.ee\/et\/wp-json\/wp\/v2\/media\/779293"}],"wp:attachment":[{"href":"https:\/\/tparts.ee\/et\/wp-json\/wp\/v2\/media?parent=779292"}],"wp:term":[{"taxonomy":"product_cat","embeddable":true,"href":"https:\/\/tparts.ee\/et\/wp-json\/wp\/v2\/product_cat?post=779292"},{"taxonomy":"product_tag","embeddable":true,"href":"https:\/\/tparts.ee\/et\/wp-json\/wp\/v2\/product_tag?post=779292"}],"curies":[{"name":"wp","href":"https:\/\/api.w.org\/{rel}","templated":true}]}}