{"id":779181,"date":"2026-04-16T03:00:09","date_gmt":"2026-04-16T03:00:09","guid":{"rendered":""},"modified":"2026-04-16T03:00:09","modified_gmt":"2026-04-16T03:00:09","slug":"bosch-t5-077-180ah-1000a-513x223x223","status":"publish","type":"product","link":"https:\/\/tparts.ee\/et\/p\/bosch-t5-077-180ah-1000a-513x223x223\/","title":{"rendered":"Bosch T5 077 180Ah 1000A 513x223x223+-"},"content":{"rendered":"<p><\/p>\n<p>Bosch T5 akud on spetsiaalselt v\u00e4lja t\u00f6\u00f6tatud eriti k\u00f5rge energiatarbe ja sagedase t\u00fchjenemise jaoks. Seet\u00f5ttu sobivad need pikamaa autodel<\/p>","protected":false},"excerpt":{"rendered":"<p>0092T50770<\/p>\n","protected":false},"featured_media":779182,"template":"","meta":[],"product_cat":[56007,55649,55632],"product_tag":[],"_links":{"self":[{"href":"https:\/\/tparts.ee\/et\/wp-json\/wp\/v2\/product\/779181"}],"collection":[{"href":"https:\/\/tparts.ee\/et\/wp-json\/wp\/v2\/product"}],"about":[{"href":"https:\/\/tparts.ee\/et\/wp-json\/wp\/v2\/types\/product"}],"wp:featuredmedia":[{"embeddable":true,"href":"https:\/\/tparts.ee\/et\/wp-json\/wp\/v2\/media\/779182"}],"wp:attachment":[{"href":"https:\/\/tparts.ee\/et\/wp-json\/wp\/v2\/media?parent=779181"}],"wp:term":[{"taxonomy":"product_cat","embeddable":true,"href":"https:\/\/tparts.ee\/et\/wp-json\/wp\/v2\/product_cat?post=779181"},{"taxonomy":"product_tag","embeddable":true,"href":"https:\/\/tparts.ee\/et\/wp-json\/wp\/v2\/product_tag?post=779181"}],"curies":[{"name":"wp","href":"https:\/\/api.w.org\/{rel}","templated":true}]}}