{"id":779098,"date":"2026-03-26T03:00:12","date_gmt":"2026-03-26T03:00:12","guid":{"rendered":""},"modified":"2026-03-26T03:00:12","modified_gmt":"2026-03-26T03:00:12","slug":"autokere-tuublite-tooriistade-kompekt-148-tk","status":"publish","type":"product","link":"https:\/\/tparts.ee\/et\/p\/autokere-tuublite-tooriistade-kompekt-148-tk\/","title":{"rendered":"Autokere t\u00fc\u00fcblite t\u00f6\u00f6riistade kompekt 148 tk"},"content":{"rendered":"<p><\/p>\n<p>M&otilde;eldud autokerede remondiks ja hoolduseks. Komplekt sisaldab erinevat t&uuml;&uuml;pi t&uuml;&uuml;bleid<\/p>","protected":false},"excerpt":{"rendered":"<p>S103-04741<\/p>\n","protected":false},"featured_media":779132,"template":"","meta":[],"product_cat":[55632,56583,55643],"product_tag":[],"_links":{"self":[{"href":"https:\/\/tparts.ee\/et\/wp-json\/wp\/v2\/product\/779098"}],"collection":[{"href":"https:\/\/tparts.ee\/et\/wp-json\/wp\/v2\/product"}],"about":[{"href":"https:\/\/tparts.ee\/et\/wp-json\/wp\/v2\/types\/product"}],"wp:featuredmedia":[{"embeddable":true,"href":"https:\/\/tparts.ee\/et\/wp-json\/wp\/v2\/media\/779132"}],"wp:attachment":[{"href":"https:\/\/tparts.ee\/et\/wp-json\/wp\/v2\/media?parent=779098"}],"wp:term":[{"taxonomy":"product_cat","embeddable":true,"href":"https:\/\/tparts.ee\/et\/wp-json\/wp\/v2\/product_cat?post=779098"},{"taxonomy":"product_tag","embeddable":true,"href":"https:\/\/tparts.ee\/et\/wp-json\/wp\/v2\/product_tag?post=779098"}],"curies":[{"name":"wp","href":"https:\/\/api.w.org\/{rel}","templated":true}]}}