{"id":779097,"date":"2026-03-26T03:00:12","date_gmt":"2026-03-26T03:00:12","guid":{"rendered":""},"modified":"2026-03-26T03:00:12","modified_gmt":"2026-03-26T03:00:12","slug":"autokere-tuublite-tooriistkompl-83-18tk","status":"publish","type":"product","link":"https:\/\/tparts.ee\/et\/p\/autokere-tuublite-tooriistkompl-83-18tk\/","title":{"rendered":"Autokere t\u00fc\u00fcblite t\u00f6\u00f6riistkompl 83+18tk"},"content":{"rendered":"<p><\/p>\n<p>M&otilde;eldud autokerede remondiks ja hoolduseks. Komplekt sisaldab erinevat t&uuml;&uuml;pi t&uuml;&uuml;bleid<\/p>","protected":false},"excerpt":{"rendered":"<p>S103-04740<\/p>\n","protected":false},"featured_media":779131,"template":"","meta":[],"product_cat":[55632,56583,55643],"product_tag":[],"_links":{"self":[{"href":"https:\/\/tparts.ee\/et\/wp-json\/wp\/v2\/product\/779097"}],"collection":[{"href":"https:\/\/tparts.ee\/et\/wp-json\/wp\/v2\/product"}],"about":[{"href":"https:\/\/tparts.ee\/et\/wp-json\/wp\/v2\/types\/product"}],"wp:featuredmedia":[{"embeddable":true,"href":"https:\/\/tparts.ee\/et\/wp-json\/wp\/v2\/media\/779131"}],"wp:attachment":[{"href":"https:\/\/tparts.ee\/et\/wp-json\/wp\/v2\/media?parent=779097"}],"wp:term":[{"taxonomy":"product_cat","embeddable":true,"href":"https:\/\/tparts.ee\/et\/wp-json\/wp\/v2\/product_cat?post=779097"},{"taxonomy":"product_tag","embeddable":true,"href":"https:\/\/tparts.ee\/et\/wp-json\/wp\/v2\/product_tag?post=779097"}],"curies":[{"name":"wp","href":"https:\/\/api.w.org\/{rel}","templated":true}]}}