{"id":778633,"date":"2026-03-19T03:00:05","date_gmt":"2026-03-19T03:00:05","guid":{"rendered":""},"modified":"2026-03-19T03:00:05","modified_gmt":"2026-03-19T03:00:05","slug":"12v-9ah-agm12-9-135x75x139-exide","status":"publish","type":"product","link":"https:\/\/tparts.ee\/et\/p\/12v-9ah-agm12-9-135x75x139-exide\/","title":{"rendered":"12V 9Ah AGM12-9 135x75x139+- Exide"},"content":{"rendered":"<p><\/p>\n<ul>\n<li>Eriti suure           v\u00f5imsusega 12V AGM\/GEL aku kasutamiseks eriti n\u00f5udlikel           tingimustel.&nbsp;<\/li>\n<li>Suur k\u00e4ivitusvool ja vibratsioonikindlus.<\/li>\n<li>Lekkekindel ja 100% hooldevaba.&nbsp;<\/li>\n<li>V\u00f5ib paigaldada p\u00fcstisesse ja lamavasse asendisse.<\/li>\n<li>Eriti pikk kasutusiga.&nbsp;<\/li>\n<li>Talub h\u00e4sti s\u00fcgavt\u00fchjendamist ning laadimis- ja           t\u00fchjenemists\u00fckleid.&nbsp;<\/li>\n<li>Aku tarnitakse laetuna.<\/li>\n<\/ul>\n<p>Mahtuvus:  9Ah<br \/>           MC-Japan nr.:  AGM12-9<br \/>           K\u00e4ivitusvool:  150A<br \/>           M\u00f5\u00f5dud (PxLxK) mm:  135x75x139mm<\/p>\n<p><\/p>","protected":false},"excerpt":{"rendered":"<p>S106-4913<\/p>\n","protected":false},"featured_media":778634,"template":"","meta":[],"product_cat":[55837,55704],"product_tag":[],"_links":{"self":[{"href":"https:\/\/tparts.ee\/et\/wp-json\/wp\/v2\/product\/778633"}],"collection":[{"href":"https:\/\/tparts.ee\/et\/wp-json\/wp\/v2\/product"}],"about":[{"href":"https:\/\/tparts.ee\/et\/wp-json\/wp\/v2\/types\/product"}],"wp:featuredmedia":[{"embeddable":true,"href":"https:\/\/tparts.ee\/et\/wp-json\/wp\/v2\/media\/778634"}],"wp:attachment":[{"href":"https:\/\/tparts.ee\/et\/wp-json\/wp\/v2\/media?parent=778633"}],"wp:term":[{"taxonomy":"product_cat","embeddable":true,"href":"https:\/\/tparts.ee\/et\/wp-json\/wp\/v2\/product_cat?post=778633"},{"taxonomy":"product_tag","embeddable":true,"href":"https:\/\/tparts.ee\/et\/wp-json\/wp\/v2\/product_tag?post=778633"}],"curies":[{"name":"wp","href":"https:\/\/api.w.org\/{rel}","templated":true}]}}