{"id":777903,"date":"2026-03-20T03:00:13","date_gmt":"2026-03-20T03:00:13","guid":{"rendered":""},"modified":"2026-03-20T03:00:13","modified_gmt":"2026-03-20T03:00:13","slug":"axel-toopuksid-m-50","status":"publish","type":"product","link":"https:\/\/tparts.ee\/et\/p\/axel-toopuksid-m-50\/","title":{"rendered":"AXEL t\u00f6\u00f6p\u00fcksid M (50)"},"content":{"rendered":"<p><\/p>\n<p>AXEL dressip&uuml;ksid on praktiline valik kasutajatele<\/p>","protected":false},"excerpt":{"rendered":"<p>S171-HT5K905-M<\/p>\n","protected":false},"featured_media":777904,"template":"","meta":[],"product_cat":[56584,55623,55622],"product_tag":[],"_links":{"self":[{"href":"https:\/\/tparts.ee\/et\/wp-json\/wp\/v2\/product\/777903"}],"collection":[{"href":"https:\/\/tparts.ee\/et\/wp-json\/wp\/v2\/product"}],"about":[{"href":"https:\/\/tparts.ee\/et\/wp-json\/wp\/v2\/types\/product"}],"wp:featuredmedia":[{"embeddable":true,"href":"https:\/\/tparts.ee\/et\/wp-json\/wp\/v2\/media\/777904"}],"wp:attachment":[{"href":"https:\/\/tparts.ee\/et\/wp-json\/wp\/v2\/media?parent=777903"}],"wp:term":[{"taxonomy":"product_cat","embeddable":true,"href":"https:\/\/tparts.ee\/et\/wp-json\/wp\/v2\/product_cat?post=777903"},{"taxonomy":"product_tag","embeddable":true,"href":"https:\/\/tparts.ee\/et\/wp-json\/wp\/v2\/product_tag?post=777903"}],"curies":[{"name":"wp","href":"https:\/\/api.w.org\/{rel}","templated":true}]}}