{"id":777899,"date":"2026-01-10T03:00:33","date_gmt":"2026-01-10T03:00:33","guid":{"rendered":""},"modified":"2026-01-10T03:00:33","modified_gmt":"2026-01-10T03:00:33","slug":"axel-toopuksid-3xl-58","status":"publish","type":"product","link":"https:\/\/tparts.ee\/et\/p\/axel-toopuksid-3xl-58\/","title":{"rendered":"AXEL t\u00f6\u00f6p\u00fcksid 3XL (58)"},"content":{"rendered":"<p><\/p>\n<p>AXEL dressip&uuml;ksid on praktiline valik kasutajatele<\/p>","protected":false},"excerpt":{"rendered":"<p>S171-HT5K905-3XL<\/p>\n","protected":false},"featured_media":777900,"template":"","meta":[],"product_cat":[56584,55623,55622],"product_tag":[],"_links":{"self":[{"href":"https:\/\/tparts.ee\/et\/wp-json\/wp\/v2\/product\/777899"}],"collection":[{"href":"https:\/\/tparts.ee\/et\/wp-json\/wp\/v2\/product"}],"about":[{"href":"https:\/\/tparts.ee\/et\/wp-json\/wp\/v2\/types\/product"}],"wp:featuredmedia":[{"embeddable":true,"href":"https:\/\/tparts.ee\/et\/wp-json\/wp\/v2\/media\/777900"}],"wp:attachment":[{"href":"https:\/\/tparts.ee\/et\/wp-json\/wp\/v2\/media?parent=777899"}],"wp:term":[{"taxonomy":"product_cat","embeddable":true,"href":"https:\/\/tparts.ee\/et\/wp-json\/wp\/v2\/product_cat?post=777899"},{"taxonomy":"product_tag","embeddable":true,"href":"https:\/\/tparts.ee\/et\/wp-json\/wp\/v2\/product_tag?post=777899"}],"curies":[{"name":"wp","href":"https:\/\/api.w.org\/{rel}","templated":true}]}}