{"id":776805,"date":"2026-01-10T03:00:32","date_gmt":"2026-01-10T03:00:32","guid":{"rendered":""},"modified":"2026-01-10T03:00:32","modified_gmt":"2026-01-10T03:00:32","slug":"toopuksid-luhikesed-wurnitz-s-48","status":"publish","type":"product","link":"https:\/\/tparts.ee\/et\/p\/toopuksid-luhikesed-wurnitz-s-48\/","title":{"rendered":"T\u00f6\u00f6p\u00fcksid l\u00fchikesed WURNITZ S(48)"},"content":{"rendered":"<p><\/p>\n<p>Need p&uuml;ksid on loodud t&ouml;&ouml;tamiseks d&uuml;naamilistes tingimustes ning valmistatud venivast kangast<\/p>","protected":false},"excerpt":{"rendered":"<p>S171-HT5K810-S<\/p>\n","protected":false},"featured_media":776806,"template":"","meta":[],"product_cat":[55623,56040,55622],"product_tag":[],"_links":{"self":[{"href":"https:\/\/tparts.ee\/et\/wp-json\/wp\/v2\/product\/776805"}],"collection":[{"href":"https:\/\/tparts.ee\/et\/wp-json\/wp\/v2\/product"}],"about":[{"href":"https:\/\/tparts.ee\/et\/wp-json\/wp\/v2\/types\/product"}],"wp:featuredmedia":[{"embeddable":true,"href":"https:\/\/tparts.ee\/et\/wp-json\/wp\/v2\/media\/776806"}],"wp:attachment":[{"href":"https:\/\/tparts.ee\/et\/wp-json\/wp\/v2\/media?parent=776805"}],"wp:term":[{"taxonomy":"product_cat","embeddable":true,"href":"https:\/\/tparts.ee\/et\/wp-json\/wp\/v2\/product_cat?post=776805"},{"taxonomy":"product_tag","embeddable":true,"href":"https:\/\/tparts.ee\/et\/wp-json\/wp\/v2\/product_tag?post=776805"}],"curies":[{"name":"wp","href":"https:\/\/api.w.org\/{rel}","templated":true}]}}